{"id":844,"date":"2022-06-27T13:42:03","date_gmt":"2022-06-27T13:42:03","guid":{"rendered":"https:\/\/carbonsdelclos.com\/producto\/comby\/"},"modified":"2022-06-27T13:42:03","modified_gmt":"2022-06-27T13:42:03","slug":"comby-2","status":"publish","type":"product","link":"https:\/\/carbonsdelclos.com\/fr\/produit\/comby-2\/","title":{"rendered":"COMBY"},"content":{"rendered":"<h3>COMBY<\/h3>\n<p>&#8211; Radiateur tubulaire en acier, \u00e9l\u00e9ments amovibles, unique dans le march\u00e9.<br \/>\n&#8211; COMBY gamme compl\u00e8te se compose de 51 mod\u00e8les, avec des largeurs 2-4 colonnes et 17 hauteurs diff\u00e9rentes 300-2500 mm.<br \/>\n&#8211; Des lignes douces, son rayon de courbure est de 20 mm.<br \/>\n&#8211; Chaque \u00e9l\u00e9ment est constitu\u00e9 d&rsquo;une t\u00eate en acier estamp\u00e9 Tube en acier d&rsquo;\u00e9paisseur 1,5 mm de \u00d8 25 mm et l&rsquo;\u00e9paisseur de 1,1 mm.<br \/>\n&#8211; Il dispose \u00e9galement de 3 mod\u00e8les sp\u00e9cialement con\u00e7us pour remplacer les radiateurs et radiateurs en aluminium 2 mod\u00e8les pour remplacer fonte.<br \/>\n&#8211; La gamme est compl\u00e9t\u00e9e COMBY tous accessoires n\u00e9cessaires pour l&rsquo;installation.<br \/>\n&#8211; Chaque radiateur est livr\u00e9 dans une bo\u00eete en carton simple.<br \/>\n&#8211; Pression de service: max. 8 bar.<br \/>\n&#8211; Temp\u00e9rature de fonctionnement: max. 95\u00b0C.<br \/>\n&#8211; Couleur standard blanc RAL 9010.<\/p>\n<hr>\n<p><img loading=\"lazy\" decoding=\"async\" class=\"alignnone size-medium wp-image-623\" src=\"https:\/\/carbonsdelclos.com\/wp-content\/uploads\/2022\/06\/COMBY_09-300x300.jpg\" alt=\"COMBY\" width=\"100\" height=\"100\" srcset=\"https:\/\/carbonsdelclos.com\/wp-content\/uploads\/2022\/06\/COMBY_09-300x300.jpg 300w, https:\/\/carbonsdelclos.com\/wp-content\/uploads\/2022\/06\/COMBY_09-150x150.jpg 150w, https:\/\/carbonsdelclos.com\/wp-content\/uploads\/2022\/06\/COMBY_09-100x100.jpg 100w, https:\/\/carbonsdelclos.com\/wp-content\/uploads\/2022\/06\/COMBY_09.jpg 500w\" sizes=\"auto, (max-width: 100px) 100vw, 100px\" \/><\/p>\n<table class=\"table table-bordered\">\n<thead>\n<tr>\n<th style=\"color: #7311d4;\"><span style=\"color: #ffffff;\">MODEL<\/span><\/th>\n<th style=\"color: #7311d4;\"><span style=\"color: #ffffff;\">CODE<\/span><\/th>\n<th style=\"color: #7311d4;\"><span style=\"color: #ffffff;\">A <\/span><br \/>\n<span style=\"color: #ffffff;\">(mm)<\/span><\/th>\n<th style=\"color: #7311d4;\"><span style=\"color: #ffffff;\">B <\/span><br \/>\n<span style=\"color: #ffffff;\">(mm)<\/span><\/th>\n<th style=\"color: #7311d4;\"><span style=\"color: #ffffff;\">kg<\/span><\/th>\n<th style=\"color: #7311d4;\"><span style=\"color: #ffffff;\">LITRES<\/span><\/th>\n<th style=\"color: #7311d4;\"><span style=\"color: #ffffff;\">W AT 50\u00baC<\/span><\/th>\n<th style=\"color: #7311d4;\"><span style=\"color: #ffffff;\">P.V.P<\/span><\/th>\n<\/tr>\n<\/thead>\n<tbody>\n<tr>\n<td style=\"color: #7311d4;\">COMBY 2-300<\/td>\n<td>63100<\/td>\n<td>292<\/td>\n<td>235<\/td>\n<td>0,55<\/td>\n<td>0,33<\/td>\n<td>23,6<\/td>\n<td>16,30<\/td>\n<\/tr>\n<tr>\n<td style=\"color: #7311d4;\">COMBY 2-400<\/td>\n<td>63101<\/td>\n<td>392<\/td>\n<td>335<\/td>\n<td>0,69<\/td>\n<td>0,41<\/td>\n<td>30,5<\/td>\n<td>17,20<\/td>\n<\/tr>\n<tr>\n<td style=\"color: #7311d4;\">COMBY 2-500<\/td>\n<td>63102<\/td>\n<td>492<\/td>\n<td>435<\/td>\n<td>0,83<\/td>\n<td>0,49<\/td>\n<td>37,2<\/td>\n<td>16,70<\/td>\n<\/tr>\n<tr>\n<td style=\"color: #7311d4;\">COMBY 2-600<\/td>\n<td>63103<\/td>\n<td>592<\/td>\n<td>535<\/td>\n<td>0,96<\/td>\n<td>0,57<\/td>\n<td>43,8<\/td>\n<td>17,20<\/td>\n<\/tr>\n<tr>\n<td style=\"color: #7311d4;\">COMBY 2-750<\/td>\n<td>63104<\/td>\n<td>742<\/td>\n<td>685<\/td>\n<td>1,17<\/td>\n<td>0,69<\/td>\n<td>53,7<\/td>\n<td>17,60<\/td>\n<\/tr>\n<tr>\n<td style=\"color: #7311d4;\">COMBY 2-900<\/td>\n<td>63105<\/td>\n<td>892<\/td>\n<td>835<\/td>\n<td>1,35<\/td>\n<td>0,81<\/td>\n<td>63,7<\/td>\n<td>19,00<\/td>\n<\/tr>\n<tr>\n<td style=\"color: #7311d4;\">COMBY 2-1000<\/td>\n<td>63106<\/td>\n<td>992<\/td>\n<td>935<\/td>\n<td>1,49<\/td>\n<td>0,88<\/td>\n<td>70,1<\/td>\n<td>19,40<\/td>\n<\/tr>\n<tr>\n<td style=\"color: #7311d4;\">COMBY 2-1500<\/td>\n<td>63107<\/td>\n<td>1492<\/td>\n<td>1435<\/td>\n<td>2,11<\/td>\n<td>1,28<\/td>\n<td>103,6<\/td>\n<td>29,80<\/td>\n<\/tr>\n<tr>\n<td style=\"color: #7311d4;\">COMBY 2-1800<\/td>\n<td>63108<\/td>\n<td>1792<\/td>\n<td>1735<\/td>\n<td>2,51<\/td>\n<td>1,51<\/td>\n<td>124,4<\/td>\n<td>33,40<\/td>\n<\/tr>\n<tr>\n<td style=\"color: #7311d4;\">COMBY 2-2000<\/td>\n<td>63109<\/td>\n<td>1992<\/td>\n<td>1935<\/td>\n<td>2,79<\/td>\n<td>1,67<\/td>\n<td>138,7<\/td>\n<td>37,00<\/td>\n<\/tr>\n<tr>\n<td style=\"color: #7311d4;\">COMBY 2-2200<\/td>\n<td>63110<\/td>\n<td>2192<\/td>\n<td>2135<\/td>\n<td>3,10<\/td>\n<td>1,82<\/td>\n<td>153,0<\/td>\n<td>46,10<\/td>\n<\/tr>\n<tr>\n<td style=\"color: #7311d4;\">COMBY 2-2500<\/td>\n<td>63111<\/td>\n<td>2492<\/td>\n<td>2435<\/td>\n<td>3,49<\/td>\n<td>2,03<\/td>\n<td>175,9<\/td>\n<td>47,00<\/td>\n<\/tr>\n<tr>\n<td style=\"color: #cc99ff;\" colspan=\"8\">Mod\u00e8le sp\u00e9cial pour remplacer les radiateurs en aluminium<\/td>\n<\/tr>\n<tr>\n<td style=\"color: #7311d4;\">COMBY 2-560<\/td>\n<td>63112<\/td>\n<td>557<\/td>\n<td>500<\/td>\n<td>0,91<\/td>\n<td>0,54<\/td>\n<td>41,5<\/td>\n<td>15,80<\/td>\n<\/tr>\n<tr>\n<td style=\"color: #7311d4;\">COMBY 2-660<\/td>\n<td>63113<\/td>\n<td>657<\/td>\n<td>600<\/td>\n<td>1,04<\/td>\n<td>0,62<\/td>\n<td>48,1<\/td>\n<td>15,80<\/td>\n<\/tr>\n<tr>\n<td style=\"color: #7311d4;\">COMBY 2-860<\/td>\n<td>63114<\/td>\n<td>857<\/td>\n<td>800<\/td>\n<td>1,29<\/td>\n<td>0,78<\/td>\n<td>61,2<\/td>\n<td>16,70<\/td>\n<\/tr>\n<tr>\n<td style=\"color: #cc99ff;\" colspan=\"8\">Mod\u00e8le sp\u00e9cial pour remplacer les radiateurs en fonte<\/td>\n<\/tr>\n<tr>\n<td style=\"color: #7311d4;\">COMBY 2-680<\/td>\n<td>63115<\/td>\n<td>680<\/td>\n<td>623<\/td>\n<td>1,07<\/td>\n<td>0,64<\/td>\n<td>49,6<\/td>\n<td>16,30<\/td>\n<\/tr>\n<tr>\n<td style=\"color: #7311d4;\">COMBY 2-870<\/td>\n<td>63116<\/td>\n<td>870<\/td>\n<td>813<\/td>\n<td>1,31<\/td>\n<td>0,79<\/td>\n<td>62,1<\/td>\n<td>16,70<\/td>\n<\/tr>\n<\/tbody>\n<\/table>\n<hr>\n<p><img loading=\"lazy\" decoding=\"async\" class=\"alignnone size-medium wp-image-625\" src=\"https:\/\/carbonsdelclos.com\/wp-content\/uploads\/2022\/06\/COMBY_10-300x300.jpg\" alt=\"\" width=\"100\" height=\"100\" srcset=\"https:\/\/carbonsdelclos.com\/wp-content\/uploads\/2022\/06\/COMBY_10-300x300.jpg 300w, https:\/\/carbonsdelclos.com\/wp-content\/uploads\/2022\/06\/COMBY_10-150x150.jpg 150w, https:\/\/carbonsdelclos.com\/wp-content\/uploads\/2022\/06\/COMBY_10-100x100.jpg 100w, https:\/\/carbonsdelclos.com\/wp-content\/uploads\/2022\/06\/COMBY_10.jpg 500w\" sizes=\"auto, (max-width: 100px) 100vw, 100px\" \/><\/p>\n<table class=\"table table-bordered\">\n<thead>\n<tr>\n<th style=\"color: #7311d4;\"><span style=\"color: #ffffff;\">MODEL<\/span><\/th>\n<th style=\"color: #7311d4;\"><span style=\"color: #ffffff;\">CODE<\/span><\/th>\n<th style=\"color: #7311d4;\"><span style=\"color: #ffffff;\">A <\/span><br \/>\n<span style=\"color: #ffffff;\">(mm)<\/span><\/th>\n<th style=\"color: #7311d4;\"><span style=\"color: #ffffff;\">B <\/span><br \/>\n<span style=\"color: #ffffff;\">(mm)<\/span><\/th>\n<th style=\"color: #7311d4;\"><span style=\"color: #ffffff;\">kg<\/span><\/th>\n<th style=\"color: #7311d4;\"><span style=\"color: #ffffff;\">LITRES<\/span><\/th>\n<th style=\"color: #7311d4;\"><span style=\"color: #ffffff;\">W AT 50\u00baC<\/span><\/th>\n<th style=\"color: #7311d4;\"><span style=\"color: #ffffff;\">P.V.P<\/span><\/th>\n<\/tr>\n<\/thead>\n<tbody>\n<tr>\n<td style=\"color: #7311d4;\">COMBY 3-300<\/td>\n<td>63117<\/td>\n<td>292<\/td>\n<td>235<\/td>\n<td>0,77<\/td>\n<td>0,50<\/td>\n<td>33,0<\/td>\n<td>17,20<\/td>\n<\/tr>\n<tr>\n<td style=\"color: #7311d4;\">COMBY 3-400<\/td>\n<td>63118<\/td>\n<td>392<\/td>\n<td>335<\/td>\n<td>0,99<\/td>\n<td>0,62<\/td>\n<td>42,8<\/td>\n<td>19,00<\/td>\n<\/tr>\n<tr>\n<td style=\"color: #7311d4;\">COMBY 3-500<\/td>\n<td>63119<\/td>\n<td>492<\/td>\n<td>435<\/td>\n<td>1,20<\/td>\n<td>0,74<\/td>\n<td>61,6<\/td>\n<td>19,40<\/td>\n<\/tr>\n<tr>\n<td style=\"color: #7311d4;\">COMBY 3-600<\/td>\n<td>63120<\/td>\n<td>592<\/td>\n<td>535<\/td>\n<td>1,42<\/td>\n<td>0,86<\/td>\n<td>75,4<\/td>\n<td>19,90<\/td>\n<\/tr>\n<tr>\n<td style=\"color: #7311d4;\">COMBY 3-750<\/td>\n<td>63121<\/td>\n<td>742<\/td>\n<td>685<\/td>\n<td>1,72<\/td>\n<td>1,03<\/td>\n<td>88,9<\/td>\n<td>20,80<\/td>\n<\/tr>\n<tr>\n<td style=\"color: #7311d4;\">COMBY 3-900<\/td>\n<td>63122<\/td>\n<td>892<\/td>\n<td>835<\/td>\n<td>2,03<\/td>\n<td>1,20<\/td>\n<td>97,8<\/td>\n<td>21,70<\/td>\n<\/tr>\n<tr>\n<td style=\"color: #7311d4;\">COMBY 3-1000<\/td>\n<td>63123<\/td>\n<td>992<\/td>\n<td>935<\/td>\n<td>2,24<\/td>\n<td>1,28<\/td>\n<td>141,7<\/td>\n<td>22,60<\/td>\n<\/tr>\n<tr>\n<td style=\"color: #7311d4;\">COMBY 3-1500<\/td>\n<td>63124<\/td>\n<td>1492<\/td>\n<td>1435<\/td>\n<td>3,30<\/td>\n<td>1,88<\/td>\n<td>167,7<\/td>\n<td>37,90<\/td>\n<\/tr>\n<tr>\n<td style=\"color: #7311d4;\">COMBY 3-1800<\/td>\n<td>63125<\/td>\n<td>1792<\/td>\n<td>1735<\/td>\n<td>3,92<\/td>\n<td>2,31<\/td>\n<td>185,0<\/td>\n<td>44,30<\/td>\n<\/tr>\n<tr>\n<td style=\"color: #7311d4;\">COMBY 3-2000<\/td>\n<td>63126<\/td>\n<td>1992<\/td>\n<td>1935<\/td>\n<td>4,35<\/td>\n<td>2,55<\/td>\n<td>138,7<\/td>\n<td>53,30<\/td>\n<\/tr>\n<tr>\n<td style=\"color: #7311d4;\">COMBY 3-2200<\/td>\n<td>63127<\/td>\n<td>2192<\/td>\n<td>2135<\/td>\n<td>4,90<\/td>\n<td>2,79<\/td>\n<td>203,0<\/td>\n<td>67,80<\/td>\n<\/tr>\n<tr>\n<td style=\"color: #7311d4;\">COMBY 3-2500<\/td>\n<td>63128<\/td>\n<td>2492<\/td>\n<td>2435<\/td>\n<td>5,40<\/td>\n<td>3,14<\/td>\n<td>228,3<\/td>\n<td>76,80<\/td>\n<\/tr>\n<tr>\n<td style=\"color: #cc99ff;\" colspan=\"8\">Mod\u00e8le sp\u00e9cial pour remplacer les radiateurs en aluminium<\/td>\n<\/tr>\n<tr>\n<td style=\"color: #7311d4;\">COMBY 3-560<\/td>\n<td>63129<\/td>\n<td>557<\/td>\n<td>500<\/td>\n<td>1,35<\/td>\n<td>0,82<\/td>\n<td>58,4<\/td>\n<td>17,20<\/td>\n<\/tr>\n<tr>\n<td style=\"color: #7311d4;\">COMBY 3-660<\/td>\n<td>63130<\/td>\n<td>657<\/td>\n<td>600<\/td>\n<td>1,56<\/td>\n<td>0,94<\/td>\n<td>67,6<\/td>\n<td>15,40<\/td>\n<\/tr>\n<tr>\n<td style=\"color: #7311d4;\">COMBY 3-860<\/td>\n<td>63131<\/td>\n<td>857<\/td>\n<td>800<\/td>\n<td>1,95<\/td>\n<td>0,15<\/td>\n<td>85,8<\/td>\n<td>19,00<\/td>\n<\/tr>\n<tr>\n<td style=\"color: #cc99ff;\" colspan=\"8\">Mod\u00e8le sp\u00e9cial pour remplacer les radiateurs en fonte<\/td>\n<\/tr>\n<tr>\n<td style=\"color: #7311d4;\">COMBY 3-680<\/td>\n<td>63132<\/td>\n<td>680<\/td>\n<td>623<\/td>\n<td>1,60<\/td>\n<td>0,97<\/td>\n<td>69,7<\/td>\n<td>15,40<\/td>\n<\/tr>\n<tr>\n<td style=\"color: #7311d4;\">COMBY 3-870<\/td>\n<td>63133<\/td>\n<td>870<\/td>\n<td>813<\/td>\n<td>1,97<\/td>\n<td>1,17<\/td>\n<td>86,9<\/td>\n<td>18,10<\/td>\n<\/tr>\n<\/tbody>\n<\/table>\n<hr>\n<p><img loading=\"lazy\" decoding=\"async\" class=\"alignnone wp-image-627 size-medium\" src=\"https:\/\/carbonsdelclos.com\/wp-content\/uploads\/2022\/06\/COMBY_11-300x300.jpg\" alt=\"\" width=\"100\" height=\"100\" srcset=\"https:\/\/carbonsdelclos.com\/wp-content\/uploads\/2022\/06\/COMBY_11-300x300.jpg 300w, https:\/\/carbonsdelclos.com\/wp-content\/uploads\/2022\/06\/COMBY_11-150x150.jpg 150w, https:\/\/carbonsdelclos.com\/wp-content\/uploads\/2022\/06\/COMBY_11-100x100.jpg 100w, https:\/\/carbonsdelclos.com\/wp-content\/uploads\/2022\/06\/COMBY_11.jpg 500w\" sizes=\"auto, (max-width: 100px) 100vw, 100px\" \/><\/p>\n<table class=\"table table-bordered\">\n<thead>\n<tr>\n<th style=\"color: #7311d4;\"><span style=\"color: #ffffff;\">MODEL<\/span><\/th>\n<th style=\"color: #7311d4;\"><span style=\"color: #ffffff;\">CODE<\/span><\/th>\n<th style=\"color: #7311d4;\"><span style=\"color: #ffffff;\">A <\/span><br \/>\n<span style=\"color: #ffffff;\">(mm)<\/span><\/th>\n<th style=\"color: #7311d4;\"><span style=\"color: #ffffff;\">B <\/span><br \/>\n<span style=\"color: #ffffff;\">(mm)<\/span><\/th>\n<th style=\"color: #7311d4;\"><span style=\"color: #ffffff;\">kg<\/span><\/th>\n<th style=\"color: #7311d4;\"><span style=\"color: #ffffff;\">LITRES<\/span><\/th>\n<th style=\"color: #7311d4;\"><span style=\"color: #ffffff;\">W AT 50\u00baC<\/span><\/th>\n<th style=\"color: #7311d4;\"><span style=\"color: #ffffff;\">P.V.P<\/span><\/th>\n<\/tr>\n<\/thead>\n<tbody>\n<tr>\n<td style=\"color: #7311d4;\">COMBY 4-300<\/td>\n<td>63134<\/td>\n<td>292<\/td>\n<td>235<\/td>\n<td>1,09<\/td>\n<td>0,66<\/td>\n<td>43,6<\/td>\n<td>21,70<\/td>\n<\/tr>\n<tr>\n<td style=\"color: #7311d4;\">COMBY 4-400<\/td>\n<td>63135<\/td>\n<td>392<\/td>\n<td>335<\/td>\n<td>1,37<\/td>\n<td>0,82<\/td>\n<td>55,8<\/td>\n<td>22,60<\/td>\n<\/tr>\n<tr>\n<td style=\"color: #7311d4;\">COMBY 4-500<\/td>\n<td>63136<\/td>\n<td>492<\/td>\n<td>435<\/td>\n<td>1,65<\/td>\n<td>0,98<\/td>\n<td>68,0<\/td>\n<td>23,50<\/td>\n<\/tr>\n<tr>\n<td style=\"color: #7311d4;\">COMBY 4-600<\/td>\n<td>63137<\/td>\n<td>592<\/td>\n<td>535<\/td>\n<td>1,93<\/td>\n<td>1,14<\/td>\n<td>80,3<\/td>\n<td>23,90<\/td>\n<\/tr>\n<tr>\n<td style=\"color: #7311d4;\">COMBY 4-750<\/td>\n<td>63138<\/td>\n<td>742<\/td>\n<td>685<\/td>\n<td>2,31<\/td>\n<td>1,38<\/td>\n<td>98,6<\/td>\n<td>24,40<\/td>\n<\/tr>\n<tr>\n<td style=\"color: #7311d4;\">COMBY 4-900<\/td>\n<td>63139<\/td>\n<td>892<\/td>\n<td>835<\/td>\n<td>2,67<\/td>\n<td>1,62<\/td>\n<td>116,9<\/td>\n<td>32,50<\/td>\n<\/tr>\n<tr>\n<td style=\"color: #7311d4;\">COMBY 4-1000<\/td>\n<td>63140<\/td>\n<td>992<\/td>\n<td>935<\/td>\n<td>2,95<\/td>\n<td>1,76<\/td>\n<td>129,1<\/td>\n<td>33,00<\/td>\n<\/tr>\n<tr>\n<td style=\"color: #7311d4;\">COMBY 4-1500<\/td>\n<td>63141<\/td>\n<td>1492<\/td>\n<td>1435<\/td>\n<td>4,35<\/td>\n<td>2,56<\/td>\n<td>184,1<\/td>\n<td>44,30<\/td>\n<\/tr>\n<tr>\n<td style=\"color: #7311d4;\">COMBY 4-1800<\/td>\n<td>63142<\/td>\n<td>1792<\/td>\n<td>1735<\/td>\n<td>5,15<\/td>\n<td>3,02<\/td>\n<td>217,0<\/td>\n<td>53,30<\/td>\n<\/tr>\n<tr>\n<td style=\"color: #7311d4;\">COMBY 4-2000<\/td>\n<td>63143<\/td>\n<td>1992<\/td>\n<td>1935<\/td>\n<td>5,71<\/td>\n<td>3,34<\/td>\n<td>237,6<\/td>\n<td>61,40<\/td>\n<\/tr>\n<tr>\n<td style=\"color: #7311d4;\">COMBY 4-2200<\/td>\n<td>63144<\/td>\n<td>2192<\/td>\n<td>2135<\/td>\n<td>6,20<\/td>\n<td>3,66<\/td>\n<td>258,0<\/td>\n<td>74,10<\/td>\n<\/tr>\n<tr>\n<td style=\"color: #7311d4;\">COMBY 4-2500<\/td>\n<td>63145<\/td>\n<td>2492<\/td>\n<td>2435<\/td>\n<td>7,11<\/td>\n<td>4,13<\/td>\n<td>288,9<\/td>\n<td>81,30<\/td>\n<\/tr>\n<tr>\n<td style=\"color: #cc99ff;\" colspan=\"8\">Mod\u00e8le sp\u00e9cial pour remplacer les radiateurs en aluminium<\/td>\n<\/tr>\n<tr>\n<td style=\"color: #7311d4;\">COMBY 4-560<\/td>\n<td>63146<\/td>\n<td>557<\/td>\n<td>500<\/td>\n<td>1,81<\/td>\n<td>1,08<\/td>\n<td>76,0<\/td>\n<td>19,00<\/td>\n<\/tr>\n<tr>\n<td style=\"color: #7311d4;\">COMBY 4-660<\/td>\n<td>63147<\/td>\n<td>657<\/td>\n<td>600<\/td>\n<td>2,09<\/td>\n<td>1,24<\/td>\n<td>88,2<\/td>\n<td>18,50<\/td>\n<\/tr>\n<tr>\n<td style=\"color: #7311d4;\">COMBY 4-860<\/td>\n<td>63148<\/td>\n<td>857<\/td>\n<td>800<\/td>\n<td>2,56<\/td>\n<td>1,56<\/td>\n<td>112,6<\/td>\n<td>21,20<\/td>\n<\/tr>\n<tr>\n<td style=\"color: #cc99ff;\" colspan=\"8\">Mod\u00e8le sp\u00e9cial pour remplacer les radiateurs en fonte<\/td>\n<\/tr>\n<tr>\n<td style=\"color: #7311d4;\">COMBY 4-680<\/td>\n<td>63149<\/td>\n<td>680<\/td>\n<td>623<\/td>\n<td>2,15<\/td>\n<td>1,27<\/td>\n<td>91,0<\/td>\n<td>18,50<\/td>\n<\/tr>\n<tr>\n<td style=\"color: #7311d4;\">COMBY 4-870<\/td>\n<td>63150<\/td>\n<td>870<\/td>\n<td>813<\/td>\n<td>2,59<\/td>\n<td>1,58<\/td>\n<td>11402<\/td>\n<td>21,70<\/td>\n<\/tr>\n<\/tbody>\n<\/table>\n","protected":false},"excerpt":{"rendered":"<p>Radiateurs en acier<\/p>\n","protected":false},"featured_media":615,"template":"","meta":{"site-sidebar-layout":"default","site-content-layout":"default","ast-site-content-layout":"","site-content-style":"default","site-sidebar-style":"default","ast-global-header-display":"","ast-banner-title-visibility":"","ast-main-header-display":"","ast-hfb-above-header-display":"","ast-hfb-below-header-display":"","ast-hfb-mobile-header-display":"","site-post-title":"","ast-breadcrumbs-content":"","ast-featured-img":"","footer-sml-layout":"","theme-transparent-header-meta":"default","adv-header-id-meta":"","stick-header-meta":"","header-above-stick-meta":"","header-main-stick-meta":"","header-below-stick-meta":"","astra-migrate-meta-layouts":""},"product_cat":[73,59],"product_tag":[],"class_list":["post-844","product","type-product","status-publish","has-post-thumbnail","hentry","product_cat-emetteurs","product_cat-gamme-domestique","desktop-align-left","tablet-align-left","mobile-align-left"],"_links":{"self":[{"href":"https:\/\/carbonsdelclos.com\/fr\/wp-json\/wp\/v2\/product\/844","targetHints":{"allow":["GET"]}}],"collection":[{"href":"https:\/\/carbonsdelclos.com\/fr\/wp-json\/wp\/v2\/product"}],"about":[{"href":"https:\/\/carbonsdelclos.com\/fr\/wp-json\/wp\/v2\/types\/product"}],"wp:featuredmedia":[{"embeddable":true,"href":"https:\/\/carbonsdelclos.com\/fr\/wp-json\/wp\/v2\/media\/615"}],"wp:attachment":[{"href":"https:\/\/carbonsdelclos.com\/fr\/wp-json\/wp\/v2\/media?parent=844"}],"wp:term":[{"taxonomy":"product_cat","embeddable":true,"href":"https:\/\/carbonsdelclos.com\/fr\/wp-json\/wp\/v2\/product_cat?post=844"},{"taxonomy":"product_tag","embeddable":true,"href":"https:\/\/carbonsdelclos.com\/fr\/wp-json\/wp\/v2\/product_tag?post=844"}],"curies":[{"name":"wp","href":"https:\/\/api.w.org\/{rel}","templated":true}]}}