{"id":846,"date":"2022-06-27T13:53:14","date_gmt":"2022-06-27T13:53:14","guid":{"rendered":"https:\/\/carbonsdelclos.com\/producto\/comby-cromado-et-comby-loft\/"},"modified":"2022-06-27T13:53:14","modified_gmt":"2022-06-27T13:53:14","slug":"comby-cromado-et-comby-loft","status":"publish","type":"product","link":"https:\/\/carbonsdelclos.com\/fr\/produit\/comby-cromado-et-comby-loft\/","title":{"rendered":"COMBY CROMADO et COMBY LOFT"},"content":{"rendered":"<h3>COMBY CROMADO et COMBY LOFT<\/h3>\n<p>&#8211; Radiateurs tubulaires amovibles en acier, grande performance thermique et un design sophistiqu\u00e9.<br \/>\n&#8211; Le COMBY CHROME, unique sur le march\u00e9, fournit des reflets lumineux, \u00e0 d\u00e9corer avec des un style unique et tout environnement COMBY LOFT est fini en couleur naturelle acier avec une couche de vernis transparent.<br \/>\n&#8211; Le COMBY LOFT CHROME et aller jusqu&rsquo;\u00e0 1 simple larges (3 colonnes) et trois hauteurs (600, 900 et 2000 mm.)<br \/>\n&#8211; \u00c9missions selon la norme EN 442.<br \/>\n&#8211; Chaque radiateur est fourni dans une bo\u00eete en carton individuellement.<\/p>\n<table class=\"table table-bordered\">\n<thead>\n<tr>\n<th style=\"color: #7311d4;\"><span style=\"color: #ffffff;\">MODEL<\/span><\/th>\n<th style=\"color: #7311d4;\"><span style=\"color: #ffffff;\">CODE<\/span><\/th>\n<th style=\"color: #7311d4;\"><span style=\"color: #ffffff;\">N\u00ba COLONNES<\/span><\/th>\n<th style=\"color: #7311d4;\"><span style=\"color: #ffffff;\">A <\/span><br \/>\n<span style=\"color: #ffffff;\">(mm)<\/span><\/th>\n<th style=\"color: #7311d4;\"><span style=\"color: #ffffff;\">B <\/span><br \/>\n<span style=\"color: #ffffff;\">(mm)<\/span><\/th>\n<th style=\"color: #7311d4;\"><span style=\"color: #ffffff;\">W AT 50\u00baC<\/span><\/th>\n<th style=\"color: #7311d4;\"><span style=\"color: #ffffff;\">P.V.P<\/span><\/th>\n<\/tr>\n<\/thead>\n<tbody>\n<tr>\n<td style=\"color: #7311d4;\">COMBY CROMADO 3-600<\/td>\n<td>63185<\/td>\n<td rowspan=\"6\">3<\/td>\n<td>600<\/td>\n<td>535<\/td>\n<td>46,3<\/td>\n<td>195,00<\/td>\n<\/tr>\n<tr>\n<td style=\"color: #7311d4;\">COMBY CROMADO 3-900<\/td>\n<td>63186<\/td>\n<td>900<\/td>\n<td>835<\/td>\n<td>65,8<\/td>\n<td>221,40<\/td>\n<\/tr>\n<tr>\n<td style=\"color: #7311d4;\">COMBY CROMADO 3-2000<\/td>\n<td>63187<\/td>\n<td>2000<\/td>\n<td>1935<\/td>\n<td>143,0<\/td>\n<td>266,50<\/td>\n<\/tr>\n<tr>\n<td style=\"color: #7311d4;\">COMBY LOFT 3-600<\/td>\n<td>63188<\/td>\n<td>600<\/td>\n<td>535<\/td>\n<td>61,6<\/td>\n<td>22,60<\/td>\n<\/tr>\n<tr>\n<td style=\"color: #7311d4;\">COMBY LOFT3-900<\/td>\n<td>63189<\/td>\n<td>900<\/td>\n<td>835<\/td>\n<td>88,9<\/td>\n<td>32,50<\/td>\n<\/tr>\n<tr>\n<td style=\"color: #7311d4;\">COMBY LOFT 3-2000<\/td>\n<td>63190<\/td>\n<td>2000<\/td>\n<td>1935<\/td>\n<td>185,0<\/td>\n<td>78,60<\/td>\n<\/tr>\n<\/tbody>\n<\/table>\n","protected":false},"excerpt":{"rendered":"<p>Radiateurs en acier<\/p>\n","protected":false},"featured_media":607,"template":"","meta":{"site-sidebar-layout":"default","site-content-layout":"default","ast-site-content-layout":"","site-content-style":"default","site-sidebar-style":"default","ast-global-header-display":"","ast-banner-title-visibility":"","ast-main-header-display":"","ast-hfb-above-header-display":"","ast-hfb-below-header-display":"","ast-hfb-mobile-header-display":"","site-post-title":"","ast-breadcrumbs-content":"","ast-featured-img":"","footer-sml-layout":"","theme-transparent-header-meta":"default","adv-header-id-meta":"","stick-header-meta":"","header-above-stick-meta":"","header-main-stick-meta":"","header-below-stick-meta":"","astra-migrate-meta-layouts":""},"product_cat":[73,59],"product_tag":[],"class_list":["post-846","product","type-product","status-publish","has-post-thumbnail","hentry","product_cat-emetteurs","product_cat-gamme-domestique","desktop-align-left","tablet-align-left","mobile-align-left"],"_links":{"self":[{"href":"https:\/\/carbonsdelclos.com\/fr\/wp-json\/wp\/v2\/product\/846","targetHints":{"allow":["GET"]}}],"collection":[{"href":"https:\/\/carbonsdelclos.com\/fr\/wp-json\/wp\/v2\/product"}],"about":[{"href":"https:\/\/carbonsdelclos.com\/fr\/wp-json\/wp\/v2\/types\/product"}],"wp:featuredmedia":[{"embeddable":true,"href":"https:\/\/carbonsdelclos.com\/fr\/wp-json\/wp\/v2\/media\/607"}],"wp:attachment":[{"href":"https:\/\/carbonsdelclos.com\/fr\/wp-json\/wp\/v2\/media?parent=846"}],"wp:term":[{"taxonomy":"product_cat","embeddable":true,"href":"https:\/\/carbonsdelclos.com\/fr\/wp-json\/wp\/v2\/product_cat?post=846"},{"taxonomy":"product_tag","embeddable":true,"href":"https:\/\/carbonsdelclos.com\/fr\/wp-json\/wp\/v2\/product_tag?post=846"}],"curies":[{"name":"wp","href":"https:\/\/api.w.org\/{rel}","templated":true}]}}