{"id":848,"date":"2022-06-27T13:55:37","date_gmt":"2022-06-27T13:55:37","guid":{"rendered":"https:\/\/carbonsdelclos.com\/producto\/nostalgia\/"},"modified":"2022-06-27T13:55:37","modified_gmt":"2022-06-27T13:55:37","slug":"nostalgia-2","status":"publish","type":"product","link":"https:\/\/carbonsdelclos.com\/fr\/produit\/nostalgia-2\/","title":{"rendered":"NOSTALGIA"},"content":{"rendered":"<h3>NOSTALGIA<\/h3>\n<p>&#8211; La gamme de radiateurs NOSTALGIE LASIAN allie esth\u00e9tique les premiers \u00e9metteurs du d\u00e9but du XXe si\u00e8cle, avec des performances l&rsquo;\u00e9nergie en fonction des besoins actuels.<br \/>\n&#8211; La gamme se compose de:<br \/>\n2 colonnes d\u00e9cor\u00e9es, et 2 hauteurs 760 et 950 mm.<br \/>\n3 colonnes d\u00e9cor\u00e9es, et 2 hauteurs 760 et 950 mm.<br \/>\n&#8211; La finition ext\u00e9rieure en fonte grise naturelle, ce qui lui donne une esth\u00e9tique unique.<br \/>\n&#8211; \u00c9missions d&rsquo;\u00e9nergie de chauffe conformes NOSTALGIE directive europ\u00e9enne EN 442.<br \/>\n&#8211; Pression maximale de service de 8 bars.<br \/>\n&#8211; Temp\u00e9rature maximale de travail de 95\u00b0 C.<br \/>\n&#8211; \u00c9l\u00e9ments de l&rsquo;Assembl\u00e9e que la demande du client, avec un maximum batterie de 20 \u00e9l\u00e9ments. L&rsquo;ensemble se compose d&rsquo;\u00e9l\u00e9ments les jambes au niveau des extr\u00e9mit\u00e9s. Pour de plus grosses batteries 14 \u00e9l\u00e9ments seront fournis avec une branche interm\u00e9diaire, de sorte. Il est recommand\u00e9 de choisir un nombre impair d&rsquo;\u00e9l\u00e9ments pour la centre jambe se trouve dans le centre de la pile.<br \/>\n&#8211; La fourniture comprend 4 coupes 1\/2&Prime; mont\u00e9s, batterie.<\/p>\n<table class=\"table table-bordered\">\n<thead>\n<tr>\n<th style=\"color: #7311d4;\"><span style=\"color: #ffffff;\">MODEL<\/span><\/th>\n<th style=\"color: #7311d4;\"><span style=\"color: #ffffff;\">CODE<\/span><\/th>\n<th style=\"color: #7311d4;\"><span style=\"color: #ffffff;\">POID<\/span><br \/>\n<span style=\"color: #ffffff;\"> (kg)<\/span><\/th>\n<th style=\"color: #7311d4;\"><span style=\"color: #ffffff;\">VOLUME D&rsquo;EAU <\/span><br \/>\n<span style=\"color: #ffffff;\">(l)<\/span><\/th>\n<th style=\"color: #7311d4;\"><span style=\"color: #ffffff;\">PUISSANCE <\/span><br \/>\n<span style=\"color: #ffffff;\">(w At 50\u00baC)<\/span><\/th>\n<th style=\"color: #7311d4;\"><span style=\"color: #ffffff;\">A <\/span><br \/>\n<span style=\"color: #ffffff;\">(mm)<\/span><\/th>\n<th style=\"color: #7311d4;\"><span style=\"color: #ffffff;\">B<\/span><br \/>\n<span style=\"color: #ffffff;\"> (mm)<\/span><\/th>\n<th style=\"color: #7311d4;\"><span style=\"color: #ffffff;\">C<\/span><br \/>\n<span style=\"color: #ffffff;\"> (mm)<\/span><\/th>\n<th style=\"color: #7311d4;\"><span style=\"color: #ffffff;\">D<\/span><br \/>\n<span style=\"color: #ffffff;\"> (mm)<\/span><\/th>\n<th style=\"color: #7311d4;\"><span style=\"color: #ffffff;\">P.V.P<\/span><\/th>\n<\/tr>\n<\/thead>\n<tbody>\n<tr>\n<td style=\"color: #7311d4;\" colspan=\"10\">NOSTALGIA 2 COLUMNES AVEC DECORATION<\/td>\n<\/tr>\n<tr>\n<td style=\"color: #7311d4;\">600 interm\u00e9diaire<\/td>\n<td>62006<\/td>\n<td>11,8<\/td>\n<td>2,52<\/td>\n<td>143<\/td>\n<td>695<\/td>\n<td>600<\/td>\n<td>183<\/td>\n<td>76<\/td>\n<td>73,90<\/td>\n<\/tr>\n<tr>\n<td style=\"color: #7311d4;\">600 pattes<\/td>\n<td>62005<\/td>\n<td>13,78<\/td>\n<td>2,52<\/td>\n<td>143<\/td>\n<td>760<\/td>\n<td>600<\/td>\n<td>183<\/td>\n<td>76<\/td>\n<td>82,20<\/td>\n<\/tr>\n<tr>\n<td style=\"color: #7311d4;\">800 interm\u00e9diaire<\/td>\n<td>62008<\/td>\n<td>14,47<\/td>\n<td>3,28<\/td>\n<td>168<\/td>\n<td>890<\/td>\n<td>795<\/td>\n<td>183<\/td>\n<td>76<\/td>\n<td>88,50<\/td>\n<\/tr>\n<tr>\n<td style=\"color: #7311d4;\">800 pattes<\/td>\n<td>62007<\/td>\n<td>16,08<\/td>\n<td>3,28<\/td>\n<td>168<\/td>\n<td>955<\/td>\n<td>795<\/td>\n<td>183<\/td>\n<td>76<\/td>\n<td>96,80<\/td>\n<\/tr>\n<tr>\n<td style=\"color: #7311d4;\" colspan=\"10\">NOSTALGIA 2 COLUMNES AVEC DECORATION<\/td>\n<\/tr>\n<tr>\n<td style=\"color: #7311d4;\">600 interm\u00e9diaire<\/td>\n<td>62254<\/td>\n<td>12,78<\/td>\n<td>3,05<\/td>\n<td>145<\/td>\n<td>713<\/td>\n<td>600<\/td>\n<td>226<\/td>\n<td>78<\/td>\n<td>82,20<\/td>\n<\/tr>\n<tr>\n<td style=\"color: #7311d4;\">600 pattes<\/td>\n<td>62255<\/td>\n<td>13,61<\/td>\n<td>3,05<\/td>\n<td>145<\/td>\n<td>768<\/td>\n<td>600<\/td>\n<td>226<\/td>\n<td>78<\/td>\n<td>90,50<\/td>\n<\/tr>\n<tr>\n<td style=\"color: #7311d4;\">800 interm\u00e9diaire<\/td>\n<td>62256<\/td>\n<td>17,78<\/td>\n<td>3,50<\/td>\n<td>221<\/td>\n<td>907<\/td>\n<td>795<\/td>\n<td>226<\/td>\n<td>78<\/td>\n<td>108,20<\/td>\n<\/tr>\n<tr>\n<td style=\"color: #7311d4;\">800 pattes<\/td>\n<td>62257<\/td>\n<td>18,61<\/td>\n<td>3,50<\/td>\n<td>221<\/td>\n<td>961<\/td>\n<td>795<\/td>\n<td>226<\/td>\n<td>78<\/td>\n<td>116,50<\/td>\n<\/tr>\n<\/tbody>\n<\/table>\n","protected":false},"excerpt":{"rendered":"<p>Radiateurs d\u00e9coratifs<\/p>\n","protected":false},"featured_media":629,"template":"","meta":{"site-sidebar-layout":"default","site-content-layout":"default","ast-site-content-layout":"","site-content-style":"default","site-sidebar-style":"default","ast-global-header-display":"","ast-banner-title-visibility":"","ast-main-header-display":"","ast-hfb-above-header-display":"","ast-hfb-below-header-display":"","ast-hfb-mobile-header-display":"","site-post-title":"","ast-breadcrumbs-content":"","ast-featured-img":"","footer-sml-layout":"","theme-transparent-header-meta":"default","adv-header-id-meta":"","stick-header-meta":"","header-above-stick-meta":"","header-main-stick-meta":"","header-below-stick-meta":"","astra-migrate-meta-layouts":""},"product_cat":[73,59],"product_tag":[],"class_list":["post-848","product","type-product","status-publish","has-post-thumbnail","hentry","product_cat-emetteurs","product_cat-gamme-domestique","desktop-align-left","tablet-align-left","mobile-align-left"],"_links":{"self":[{"href":"https:\/\/carbonsdelclos.com\/fr\/wp-json\/wp\/v2\/product\/848","targetHints":{"allow":["GET"]}}],"collection":[{"href":"https:\/\/carbonsdelclos.com\/fr\/wp-json\/wp\/v2\/product"}],"about":[{"href":"https:\/\/carbonsdelclos.com\/fr\/wp-json\/wp\/v2\/types\/product"}],"wp:featuredmedia":[{"embeddable":true,"href":"https:\/\/carbonsdelclos.com\/fr\/wp-json\/wp\/v2\/media\/629"}],"wp:attachment":[{"href":"https:\/\/carbonsdelclos.com\/fr\/wp-json\/wp\/v2\/media?parent=848"}],"wp:term":[{"taxonomy":"product_cat","embeddable":true,"href":"https:\/\/carbonsdelclos.com\/fr\/wp-json\/wp\/v2\/product_cat?post=848"},{"taxonomy":"product_tag","embeddable":true,"href":"https:\/\/carbonsdelclos.com\/fr\/wp-json\/wp\/v2\/product_tag?post=848"}],"curies":[{"name":"wp","href":"https:\/\/api.w.org\/{rel}","templated":true}]}}