{"id":850,"date":"2022-06-27T13:58:10","date_gmt":"2022-06-27T13:58:10","guid":{"rendered":"https:\/\/carbonsdelclos.com\/producto\/pop\/"},"modified":"2022-06-27T13:58:10","modified_gmt":"2022-06-27T13:58:10","slug":"pop-2","status":"publish","type":"product","link":"https:\/\/carbonsdelclos.com\/fr\/produit\/pop-2\/","title":{"rendered":"POP"},"content":{"rendered":"<h3>POP<\/h3>\n<p>POP Tous les mod\u00e8les disposent de 2 entr\u00e9es inf\u00e9rieures 1\/2 \u00ab\u00a0et 1 prendre sup\u00e9rieure 1\/2\u00a0\u00bb.<\/p>\n<table class=\"table table-bordered\">\n<thead>\n<tr>\n<th style=\"color: #7311d4;\"><span style=\"color: #ffffff;\">MODEL<\/span><\/th>\n<th style=\"color: #7311d4;\"><span style=\"color: #ffffff;\">CODE<\/span><\/th>\n<th style=\"color: #7311d4;\"><span style=\"color: #ffffff;\">Hauteur <\/span><br \/>\n<span style=\"color: #ffffff;\">(mm)<\/span><\/th>\n<th style=\"color: #7311d4;\"><span style=\"color: #ffffff;\">Largeur <\/span><br \/>\n<span style=\"color: #ffffff;\">(mm)<\/span><\/th>\n<th style=\"color: #7311d4;\"><span style=\"color: #ffffff;\">W AT 50\u00baC<\/span><\/th>\n<th style=\"color: #7311d4;\"><span style=\"color: #ffffff;\">P.V.P<\/span><\/th>\n<\/tr>\n<\/thead>\n<tbody>\n<tr>\n<td colspan=\"6\">POP BLANC<\/td>\n<\/tr>\n<tr>\n<td style=\"color: #7311d4;\">COMBY 2-400<\/td>\n<td>63027<\/td>\n<td rowspan=\"2\">770<\/td>\n<td>500<\/td>\n<td>455<\/td>\n<td>184<\/td>\n<\/tr>\n<tr>\n<td style=\"color: #7311d4;\">COMBY 2-500<\/td>\n<td>63028<\/td>\n<td>600<\/td>\n<td>543<\/td>\n<td>196<\/td>\n<\/tr>\n<tr>\n<td style=\"color: #7311d4;\">COMBY 2-600<\/td>\n<td>63029<\/td>\n<td rowspan=\"2\">1126<\/td>\n<td>500<\/td>\n<td>696<\/td>\n<td>236<\/td>\n<\/tr>\n<tr>\n<td style=\"color: #7311d4;\">COMBY 2-750<\/td>\n<td>63030<\/td>\n<td>600<\/td>\n<td>795<\/td>\n<td>273<\/td>\n<\/tr>\n<tr>\n<td style=\"color: #7311d4;\">COMBY 2-900<\/td>\n<td>63031<\/td>\n<td rowspan=\"2\">1530<\/td>\n<td>500<\/td>\n<td>824<\/td>\n<td>303<\/td>\n<\/tr>\n<tr>\n<td style=\"color: #7311d4;\">COMBY 2-1000<\/td>\n<td>63032<\/td>\n<td>600<\/td>\n<td>974<\/td>\n<td>322<\/td>\n<\/tr>\n<tr>\n<td style=\"color: #7311d4;\">COMBY 2-1500<\/td>\n<td>63034<\/td>\n<td rowspan=\"2\">1834<\/td>\n<td>500<\/td>\n<td>921<\/td>\n<td>365<\/td>\n<\/tr>\n<tr>\n<td style=\"color: #7311d4;\">COMBY 2-1800<\/td>\n<td>63035<\/td>\n<td>600<\/td>\n<td>1109<\/td>\n<td>389<\/td>\n<\/tr>\n<tr>\n<td colspan=\"6\">POP CHROM\u00c9<\/td>\n<\/tr>\n<tr>\n<td style=\"color: #7311d4;\">COMBY 2-2200<\/td>\n<td>63037<\/td>\n<td>735<\/td>\n<td>500<\/td>\n<td>255<\/td>\n<td>326<\/td>\n<\/tr>\n<tr>\n<td style=\"color: #7311d4;\">COMBY 2-2500<\/td>\n<td>63039<\/td>\n<td>1175<\/td>\n<td>500<\/td>\n<td>418<\/td>\n<td>504<\/td>\n<\/tr>\n<tr>\n<td style=\"color: #7311d4;\">COMBY 2-560<\/td>\n<td>63041<\/td>\n<td>1650<\/td>\n<td>500<\/td>\n<td>573<\/td>\n<td>651<\/td>\n<\/tr>\n<tr>\n<td colspan=\"6\">POP INOX<\/td>\n<\/tr>\n<tr>\n<td style=\"color: #7311d4;\">COMBY 2-860<\/td>\n<td>63061<\/td>\n<td>800<\/td>\n<td>500<\/td>\n<td>402<\/td>\n<td>598<\/td>\n<\/tr>\n<tr>\n<td style=\"color: #7311d4;\">COMBY 2-680<\/td>\n<td>63063<\/td>\n<td>1200<\/td>\n<td>500<\/td>\n<td>623<\/td>\n<td>810<\/td>\n<\/tr>\n<tr>\n<td style=\"color: #7311d4;\">COMBY 2-870<\/td>\n<td>63065<\/td>\n<td>1500<\/td>\n<td>500<\/td>\n<td>770<\/td>\n<td>1.072<\/td>\n<\/tr>\n<\/tbody>\n<\/table>\n","protected":false},"excerpt":{"rendered":"<p>Radiateurs en acier<\/p>\n","protected":false},"featured_media":635,"template":"","meta":{"site-sidebar-layout":"default","site-content-layout":"default","ast-site-content-layout":"","site-content-style":"default","site-sidebar-style":"default","ast-global-header-display":"","ast-banner-title-visibility":"","ast-main-header-display":"","ast-hfb-above-header-display":"","ast-hfb-below-header-display":"","ast-hfb-mobile-header-display":"","site-post-title":"","ast-breadcrumbs-content":"","ast-featured-img":"","footer-sml-layout":"","theme-transparent-header-meta":"default","adv-header-id-meta":"","stick-header-meta":"","header-above-stick-meta":"","header-main-stick-meta":"","header-below-stick-meta":"","astra-migrate-meta-layouts":""},"product_cat":[73,59],"product_tag":[],"class_list":["post-850","product","type-product","status-publish","has-post-thumbnail","hentry","product_cat-emetteurs","product_cat-gamme-domestique","desktop-align-left","tablet-align-left","mobile-align-left"],"_links":{"self":[{"href":"https:\/\/carbonsdelclos.com\/fr\/wp-json\/wp\/v2\/product\/850","targetHints":{"allow":["GET"]}}],"collection":[{"href":"https:\/\/carbonsdelclos.com\/fr\/wp-json\/wp\/v2\/product"}],"about":[{"href":"https:\/\/carbonsdelclos.com\/fr\/wp-json\/wp\/v2\/types\/product"}],"wp:featuredmedia":[{"embeddable":true,"href":"https:\/\/carbonsdelclos.com\/fr\/wp-json\/wp\/v2\/media\/635"}],"wp:attachment":[{"href":"https:\/\/carbonsdelclos.com\/fr\/wp-json\/wp\/v2\/media?parent=850"}],"wp:term":[{"taxonomy":"product_cat","embeddable":true,"href":"https:\/\/carbonsdelclos.com\/fr\/wp-json\/wp\/v2\/product_cat?post=850"},{"taxonomy":"product_tag","embeddable":true,"href":"https:\/\/carbonsdelclos.com\/fr\/wp-json\/wp\/v2\/product_tag?post=850"}],"curies":[{"name":"wp","href":"https:\/\/api.w.org\/{rel}","templated":true}]}}