{"id":852,"date":"2022-06-27T14:11:32","date_gmt":"2022-06-27T14:11:32","guid":{"rendered":"https:\/\/carbonsdelclos.com\/producto\/ridem\/"},"modified":"2022-06-27T14:11:32","modified_gmt":"2022-06-27T14:11:32","slug":"ridem-2","status":"publish","type":"product","link":"https:\/\/carbonsdelclos.com\/fr\/produit\/ridem-2\/","title":{"rendered":"RIDEM"},"content":{"rendered":"<h3>RIDEM<\/h3>\n<p>&#8211; Radiateurs en fonte dans les colonnes 3 et 4, visant pour une performance maximale dans la transmission chaleur par convection et rayonnement.<br \/>\n&#8211; Design \u00e9l\u00e9gant, r\u00e9sistance \u00e0 la corrosion, une installation facile et le nettoyage.<br \/>\n&#8211; Prot\u00e9g\u00e9 et termin\u00e9 en appr\u00eat blanc.<br \/>\n&#8211; \u00c9missions de l&rsquo;\u00e9nergie thermo radiateurs sont conform\u00e9ment \u00e0 la directive europ\u00e9enne EN 442.<br \/>\n&#8211; Livr\u00e9 en batterie standard de 10 articles. Pour comme contr\u00f4le de la batterie.<\/p>\n<table class=\"table table-bordered\">\n<thead>\n<tr>\n<th style=\"color: #7311d4;\"><span style=\"color: #ffffff;\">MODEL<\/span><\/th>\n<th style=\"color: #7311d4;\"><span style=\"color: #ffffff;\">CODE<\/span><\/th>\n<th style=\"color: #7311d4;\"><span style=\"color: #ffffff;\">POID<\/span><br \/><span style=\"color: #ffffff;\"> (kg)<\/span><\/th>\n<th style=\"color: #7311d4;\"><span style=\"color: #ffffff;\">VOLUME D&rsquo;EAU <\/span><br \/><span style=\"color: #ffffff;\">(l)<\/span><\/th>\n<th style=\"color: #7311d4;\"><span style=\"color: #ffffff;\">PUISSANCE <\/span><br \/><span style=\"color: #ffffff;\">(w At 50\u00baC)<\/span><\/th>\n<th style=\"color: #7311d4;\"><span style=\"color: #ffffff;\">A <\/span><br \/><span style=\"color: #ffffff;\">(mm)<\/span><\/th>\n<th style=\"color: #7311d4;\"><span style=\"color: #ffffff;\">B<\/span><br \/><span style=\"color: #ffffff;\"> (mm)<\/span><\/th>\n<th style=\"color: #7311d4;\"><span style=\"color: #ffffff;\">C<\/span><br \/><span style=\"color: #ffffff;\"> (mm)<\/span><\/th>\n<th style=\"color: #7311d4;\"><span style=\"color: #ffffff;\">D<\/span><br \/><span style=\"color: #ffffff;\"> (mm)<\/span><\/th>\n<th style=\"color: #7311d4;\"><span style=\"color: #ffffff;\">P.V.P<\/span><\/th>\n<\/tr>\n<\/thead>\n<tbody>\n<tr>\n<td style=\"color: #7311d4;\" colspan=\"10\">RIDEM<\/td>\n<\/tr>\n<tr>\n<td style=\"color: #7311d4;\">RIDEM 2\/813<\/td>\n<td>62105<\/td>\n<td>5,20<\/td>\n<td>0,71<\/td>\n<td>84<\/td>\n<td>885<\/td>\n<td>813<\/td>\n<td>62,4<\/td>\n<td>60<\/td>\n<td>20,80<\/td>\n<\/tr>\n<tr>\n<td style=\"color: #7311d4;\">RIDEM 3\/350<\/td>\n<td>62106<\/td>\n<td>3,90<\/td>\n<td>0,56<\/td>\n<td>58<\/td>\n<td>442<\/td>\n<td>350<\/td>\n<td>98,2<\/td>\n<td>60<\/td>\n<td>15,20<\/td>\n<\/tr>\n<tr>\n<td style=\"color: #7311d4;\">RIDEM 3\/500<\/td>\n<td>62132<\/td>\n<td>4,30<\/td>\n<td>0,65<\/td>\n<td>77<\/td>\n<td>890<\/td>\n<td>500<\/td>\n<td>92<\/td>\n<td>60<\/td>\n<td>19,00<\/td>\n<\/tr>\n<tr>\n<td style=\"color: #7311d4;\">RIDEM 3\/623<\/td>\n<td>62133<\/td>\n<td>5,09<\/td>\n<td>0,72<\/td>\n<td>91<\/td>\n<td>955<\/td>\n<td>623<\/td>\n<td>92<\/td>\n<td>60<\/td>\n<td>22,00<\/td>\n<\/tr>\n<tr>\n<td style=\"color: #7311d4;\">RIDEM 3\/813<\/td>\n<td>62134<\/td>\n<td>6,63<\/td>\n<td>0,99<\/td>\n<td>112<\/td>\n<td>713<\/td>\n<td>813<\/td>\n<td>92<\/td>\n<td>60<\/td>\n<td>27,50<\/td>\n<\/tr>\n<\/tbody>\n<\/table>\n","protected":false},"excerpt":{"rendered":"<p> Radiateurs en fonte <\/p>\n","protected":false},"featured_media":643,"template":"","meta":{"site-sidebar-layout":"default","site-content-layout":"default","ast-site-content-layout":"","site-content-style":"default","site-sidebar-style":"default","ast-global-header-display":"","ast-banner-title-visibility":"","ast-main-header-display":"","ast-hfb-above-header-display":"","ast-hfb-below-header-display":"","ast-hfb-mobile-header-display":"","site-post-title":"","ast-breadcrumbs-content":"","ast-featured-img":"","footer-sml-layout":"","theme-transparent-header-meta":"default","adv-header-id-meta":"","stick-header-meta":"","header-above-stick-meta":"","header-main-stick-meta":"","header-below-stick-meta":"","astra-migrate-meta-layouts":""},"product_cat":[73,59],"product_tag":[],"class_list":["post-852","product","type-product","status-publish","has-post-thumbnail","hentry","product_cat-emetteurs","product_cat-gamme-domestique","desktop-align-left","tablet-align-left","mobile-align-left"],"_links":{"self":[{"href":"https:\/\/carbonsdelclos.com\/fr\/wp-json\/wp\/v2\/product\/852","targetHints":{"allow":["GET"]}}],"collection":[{"href":"https:\/\/carbonsdelclos.com\/fr\/wp-json\/wp\/v2\/product"}],"about":[{"href":"https:\/\/carbonsdelclos.com\/fr\/wp-json\/wp\/v2\/types\/product"}],"wp:featuredmedia":[{"embeddable":true,"href":"https:\/\/carbonsdelclos.com\/fr\/wp-json\/wp\/v2\/media\/643"}],"wp:attachment":[{"href":"https:\/\/carbonsdelclos.com\/fr\/wp-json\/wp\/v2\/media?parent=852"}],"wp:term":[{"taxonomy":"product_cat","embeddable":true,"href":"https:\/\/carbonsdelclos.com\/fr\/wp-json\/wp\/v2\/product_cat?post=852"},{"taxonomy":"product_tag","embeddable":true,"href":"https:\/\/carbonsdelclos.com\/fr\/wp-json\/wp\/v2\/product_tag?post=852"}],"curies":[{"name":"wp","href":"https:\/\/api.w.org\/{rel}","templated":true}]}}