{"id":854,"date":"2022-06-27T14:13:28","date_gmt":"2022-06-27T14:13:28","guid":{"rendered":"https:\/\/carbonsdelclos.com\/producto\/tekno-electrique\/"},"modified":"2022-06-27T14:13:28","modified_gmt":"2022-06-27T14:13:28","slug":"tekno-electrique","status":"publish","type":"product","link":"https:\/\/carbonsdelclos.com\/fr\/produit\/tekno-electrique\/","title":{"rendered":"TEKNO \u00c9LECTRIQUE"},"content":{"rendered":"<h3>TEKNO \u00c9LECTRIQUE<\/h3>\n<p><strong>Serviette \u00e9lectrique<\/strong><br \/>\nServiette \u00e9lectrique r\u00e9sistant termolimitada on\/off \u00e0 90\u00b0.<br \/>\nRempli de diathermique chauffe-liquide.<br \/>\nLe forfait comprend les supports et kit de montage mur.<br \/>\nDisponible en: blanc RAL 9010 et Chrome.<\/p>\n<p><strong>Chaud de serviette avec thermostat num\u00e9rique<\/strong><br \/>\nServiette r\u00e9sistance \u00e9lectrique et thermostat num\u00e9rique C\u00e2ble en spirale r\u00e9glable.<br \/>\nRempli de diathermique chauffe-liquide.<br \/>\nLe forfait comprend les supports et kit de montage mur.<br \/>\nDisponible en: blanc RAL 9010 et Chrome.<\/p>\n<table class=\"table table-bordered\">\n<thead>\n<tr>\n<th style=\"color: #7311d4;\"><span style=\"color: #ffffff;\">MODEL<\/span><\/th>\n<th style=\"color: #7311d4;\"><span style=\"color: #ffffff;\">CODE<\/span><\/th>\n<th style=\"color: #7311d4;\"><span style=\"color: #ffffff;\">Hauteur <\/span><br \/><span style=\"color: #ffffff;\">(mm)<\/span><\/th>\n<th style=\"color: #7311d4;\"><span style=\"color: #ffffff;\">Largeur<\/span><br \/><span style=\"color: #ffffff;\"> (mm)<\/span><\/th>\n<th style=\"color: #7311d4;\"><span style=\"color: #ffffff;\">Tubes<\/span><br \/><span style=\"color: #ffffff;\"> (diam\u00e8tre mm)<\/span><\/th>\n<th style=\"color: #7311d4;\"><span style=\"color: #ffffff;\">Kg<\/span><\/th>\n<th style=\"color: #7311d4;\"><span style=\"color: #ffffff;\">watts<\/span><\/th>\n<th style=\"color: #7311d4;\"><span style=\"color: #ffffff;\">P.V.P<\/span><\/th>\n<\/tr>\n<\/thead>\n<tbody>\n<tr>\n<td style=\"color: #7311d4;\">TEKNO EL\u00c9CTRICO BLANCO 500-770<\/td>\n<td>63012<\/td>\n<td>770<\/td>\n<td>500<\/td>\n<td>22<\/td>\n<td>10,4<\/td>\n<td>300<\/td>\n<td>179<\/td>\n<\/tr>\n<tr>\n<td style=\"color: #7311d4;\">TEKNO EL\u00c9CTRICO BLANCO 500-1200<\/td>\n<td>63013<\/td>\n<td>1200<\/td>\n<td>500<\/td>\n<td>22<\/td>\n<td>15,4<\/td>\n<td>500<\/td>\n<td>205<\/td>\n<\/tr>\n<tr>\n<td style=\"color: #7311d4;\">TEKNO EL\u00c9CTRICO BLANCO 500-1500<\/td>\n<td>63014<\/td>\n<td>1500<\/td>\n<td>500<\/td>\n<td>22<\/td>\n<td>19,8<\/td>\n<td>500<\/td>\n<td>232<\/td>\n<\/tr>\n<tr>\n<td style=\"color: #7311d4;\">TEKNO EL\u00c9CTRICO CROMADO 500-770<\/td>\n<td>63024<\/td>\n<td>770<\/td>\n<td>500<\/td>\n<td>19<\/td>\n<td>8,6<\/td>\n<td>150<\/td>\n<td>290<\/td>\n<\/tr>\n<tr>\n<td style=\"color: #7311d4;\">TEKNO EL\u00c9CTRICO CROMADO 500-1200<\/td>\n<td>63025<\/td>\n<td>1200<\/td>\n<td>500<\/td>\n<td>19<\/td>\n<td>13,5<\/td>\n<td>300<\/td>\n<td>387<\/td>\n<\/tr>\n<tr>\n<td style=\"color: #7311d4;\">TEKNO EL\u00c9CTRICO CROMADO 500-1500<\/td>\n<td>63026<\/td>\n<td>1500<\/td>\n<td>500<\/td>\n<td>19<\/td>\n<td>17,1<\/td>\n<td>300<\/td>\n<td>430<\/td>\n<\/tr>\n<tr>\n<td style=\"color: #7311d4;\" colspan=\"8\">TEKNO EL\u00c9CTRICO CON TERMOSTATO DIGITAL<\/td>\n<\/tr>\n<tr>\n<td style=\"color: #7311d4;\">TEKNO EL\u00c9CTRICO BLANCO DIGITAL 500-770<\/td>\n<td>63203<\/td>\n<td>770<\/td>\n<td>500<\/td>\n<td>22<\/td>\n<td>10,4<\/td>\n<td>300<\/td>\n<td>356<\/td>\n<\/tr>\n<tr>\n<td style=\"color: #7311d4;\">TEKNO EL\u00c9CTRICO BLANCO DIGITAL 500-1200<\/td>\n<td>63204<\/td>\n<td>1200<\/td>\n<td>500<\/td>\n<td>22<\/td>\n<td>15,4<\/td>\n<td>600<\/td>\n<td>398<\/td>\n<\/tr>\n<tr>\n<td style=\"color: #7311d4;\">TEKNO EL\u00c9CTRICO BLANCO DIGITAL 500-1500<\/td>\n<td>63205<\/td>\n<td>1500<\/td>\n<td>500<\/td>\n<td>22<\/td>\n<td>19,8<\/td>\n<td>600<\/td>\n<td>437<\/td>\n<\/tr>\n<tr>\n<td style=\"color: #7311d4;\">TEKNO EL\u00c9CTRICO CROMADO DIGITAL 500-770<\/td>\n<td>63206<\/td>\n<td>770<\/td>\n<td>500<\/td>\n<td>19<\/td>\n<td>8,6<\/td>\n<td>200<\/td>\n<td>444<\/td>\n<\/tr>\n<tr>\n<td style=\"color: #7311d4;\">TEKNO EL\u00c9CTRICO CROMADO DIGITAL 500-1200<\/td>\n<td>63207<\/td>\n<td>1200<\/td>\n<td>500<\/td>\n<td>19<\/td>\n<td>13,5<\/td>\n<td>300<\/td>\n<td>529<\/td>\n<\/tr>\n<tr>\n<td style=\"color: #7311d4;\">TEKNO EL\u00c9CTRICO CROMADO DIGITAL 500-1500<\/td>\n<td>63208<\/td>\n<td>1500<\/td>\n<td>500<\/td>\n<td>19<\/td>\n<td>17,1<\/td>\n<td>300<\/td>\n<td>599<\/td>\n<\/tr>\n<\/tbody>\n<\/table>\n","protected":false},"excerpt":{"rendered":"<p> Serviettes en acier <\/p>\n","protected":false},"featured_media":649,"template":"","meta":{"site-sidebar-layout":"default","site-content-layout":"default","ast-site-content-layout":"","site-content-style":"default","site-sidebar-style":"default","ast-global-header-display":"","ast-banner-title-visibility":"","ast-main-header-display":"","ast-hfb-above-header-display":"","ast-hfb-below-header-display":"","ast-hfb-mobile-header-display":"","site-post-title":"","ast-breadcrumbs-content":"","ast-featured-img":"","footer-sml-layout":"","theme-transparent-header-meta":"default","adv-header-id-meta":"","stick-header-meta":"","header-above-stick-meta":"","header-main-stick-meta":"","header-below-stick-meta":"","astra-migrate-meta-layouts":""},"product_cat":[73,59],"product_tag":[],"class_list":["post-854","product","type-product","status-publish","has-post-thumbnail","hentry","product_cat-emetteurs","product_cat-gamme-domestique","desktop-align-left","tablet-align-left","mobile-align-left"],"_links":{"self":[{"href":"https:\/\/carbonsdelclos.com\/fr\/wp-json\/wp\/v2\/product\/854","targetHints":{"allow":["GET"]}}],"collection":[{"href":"https:\/\/carbonsdelclos.com\/fr\/wp-json\/wp\/v2\/product"}],"about":[{"href":"https:\/\/carbonsdelclos.com\/fr\/wp-json\/wp\/v2\/types\/product"}],"wp:featuredmedia":[{"embeddable":true,"href":"https:\/\/carbonsdelclos.com\/fr\/wp-json\/wp\/v2\/media\/649"}],"wp:attachment":[{"href":"https:\/\/carbonsdelclos.com\/fr\/wp-json\/wp\/v2\/media?parent=854"}],"wp:term":[{"taxonomy":"product_cat","embeddable":true,"href":"https:\/\/carbonsdelclos.com\/fr\/wp-json\/wp\/v2\/product_cat?post=854"},{"taxonomy":"product_tag","embeddable":true,"href":"https:\/\/carbonsdelclos.com\/fr\/wp-json\/wp\/v2\/product_tag?post=854"}],"curies":[{"name":"wp","href":"https:\/\/api.w.org\/{rel}","templated":true}]}}