{"id":856,"date":"2022-06-27T14:16:00","date_gmt":"2022-06-27T14:16:00","guid":{"rendered":"https:\/\/carbonsdelclos.com\/producto\/tekno-droit\/"},"modified":"2022-06-27T14:16:00","modified_gmt":"2022-06-27T14:16:00","slug":"tekno-droit","status":"publish","type":"product","link":"https:\/\/carbonsdelclos.com\/fr\/produit\/tekno-droit\/","title":{"rendered":"TEKNO DROIT"},"content":{"rendered":"<h3>TEKNO DROIT<\/h3>\n<p>&#8211; Avec son design \u00e9l\u00e9gant et une finition parfaite, radiateur serviette TEKNO devient un \u00e9l\u00e9ment d\u00e9coratif et votre salle de bain fonctionnelle.<br \/>\n&#8211; Tuyaux droites \u00d8 22 mm sur le mod\u00e8le blanc, et 19 mm \u00d8 le mod\u00e8le de chrome.<br \/>\n&#8211; Disponible en deux finitions diff\u00e9rentes:<br \/>\n\u00b7 Blanc RAL 9010 Chrome<br \/>\n&#8211; \u00c9missions selon la norme EN 442.<\/p>\n<p><strong>La livraison comprend:<\/strong><br \/>\n&#8211; Chaque unit\u00e9 dans une seule bo\u00eete, y compris 4 supports avec vis et chevilles, chapeau 1\/2 \u00ab\u00a0de ventilation 1\/2\u00a0\u00bb.<\/p>\n<table class=\"table table-bordered\">\n<thead>\n<tr>\n<th style=\"color: #7311d4;\"><span style=\"color: #ffffff;\">MODEL<\/span><\/th>\n<th style=\"color: #7311d4;\"><span style=\"color: #ffffff;\">CODE<\/span><\/th>\n<th style=\"color: #7311d4;\"><span style=\"color: #ffffff;\">N\u00ba DE TUBES<\/span><\/th>\n<th style=\"color: #7311d4;\"><span style=\"color: #ffffff;\">A<\/span><br \/><span style=\"color: #ffffff;\"> (mm)<\/span><\/th>\n<th style=\"color: #7311d4;\"><span style=\"color: #ffffff;\">B<\/span><br \/><span style=\"color: #ffffff;\">(mm)<\/span><\/th>\n<th style=\"color: #7311d4;\"><span style=\"color: #ffffff;\">C<\/span><br \/><span style=\"color: #ffffff;\"> (mm)<\/span><\/th>\n<th style=\"color: #7311d4;\"><span style=\"color: #ffffff;\">Kg<\/span><\/th>\n<th style=\"color: #7311d4;\"><span style=\"color: #ffffff;\">Litres<\/span><\/th>\n<th style=\"color: #7311d4;\"><span style=\"color: #ffffff;\">W AT 50\u00baC<\/span><\/th>\n<th style=\"color: #7311d4;\"><span style=\"color: #ffffff;\">P.V.P<\/span><\/th>\n<\/tr>\n<\/thead>\n<tbody>\n<tr>\n<td colspan=\"10\">TEKNO RECTO BLANCO<\/td>\n<\/tr>\n<tr>\n<td style=\"color: #7311d4;\">TEKNO RECTO BLANCO 500-770<\/td>\n<td>63056<\/td>\n<td rowspan=\"2\">16<\/td>\n<td rowspan=\"2\">770<\/td>\n<td>500<\/td>\n<td>450<\/td>\n<td>6,4<\/td>\n<td>3,4<\/td>\n<td>345<\/td>\n<td>64<\/td>\n<\/tr>\n<tr>\n<td style=\"color: #7311d4;\">TEKNO RECTO BLANCO 600-770<\/td>\n<td>63067<\/td>\n<td>600<\/td>\n<td>550<\/td>\n<td>7,1<\/td>\n<td>4<\/td>\n<td>408<\/td>\n<td>73<\/td>\n<\/tr>\n<tr>\n<td style=\"color: #7311d4;\">TEKNORECTO BLANCO 500-1200<\/td>\n<td>63057<\/td>\n<td rowspan=\"2\">23<\/td>\n<td rowspan=\"2\">1200<\/td>\n<td>500<\/td>\n<td>450<\/td>\n<td>9,4<\/td>\n<td>4,8<\/td>\n<td>500<\/td>\n<td>82<\/td>\n<\/tr>\n<tr>\n<td style=\"color: #7311d4;\">TEKNORECTOBLANCO 600-1200<\/td>\n<td>63068<\/td>\n<td>600<\/td>\n<td>550<\/td>\n<td>10,5<\/td>\n<td>5,7<\/td>\n<td>598<\/td>\n<td>95<\/td>\n<\/tr>\n<tr>\n<td style=\"color: #7311d4;\">TEKNORECTOBLANCO 500-1500<\/td>\n<td>63058<\/td>\n<td rowspan=\"2\">30<\/td>\n<td rowspan=\"2\">1500<\/td>\n<td>500<\/td>\n<td>450<\/td>\n<td>12<\/td>\n<td>6,6<\/td>\n<td>630<\/td>\n<td>95<\/td>\n<\/tr>\n<tr>\n<td style=\"color: #7311d4;\">TEKNORECTOBLANCO 600-1500<\/td>\n<td>63069<\/td>\n<td>600<\/td>\n<td>550<\/td>\n<td>13,9<\/td>\n<td>7,7<\/td>\n<td>751<\/td>\n<td>112<\/td>\n<\/tr>\n<tr>\n<td style=\"color: #7311d4;\">TEKNORECTOBLANCO 500-1800<\/td>\n<td>63059<\/td>\n<td>33<\/td>\n<td>1800<\/td>\n<td>500<\/td>\n<td>450<\/td>\n<td>13,1<\/td>\n<td>7,2<\/td>\n<td>727<\/td>\n<td>120<\/td>\n<\/tr>\n<tr>\n<td colspan=\"10\">TEKNORECTO CROMADO<\/td>\n<\/tr>\n<tr>\n<td style=\"color: #7311d4;\">TEKNORECTO CROMADO 500-680<\/td>\n<td>63083<\/td>\n<td rowspan=\"2\">14<\/td>\n<td rowspan=\"2\">680<\/td>\n<td>500<\/td>\n<td>450<\/td>\n<td>6,2<\/td>\n<td>3,1<\/td>\n<td>179<\/td>\n<td>108<\/td>\n<\/tr>\n<tr>\n<td style=\"color: #7311d4;\">TEKNORECTO CROMADO 600-680<\/td>\n<td>63086<\/td>\n<td>600<\/td>\n<td>550<\/td>\n<td>7,0<\/td>\n<td>3,9<\/td>\n<td>231<\/td>\n<td>120<\/td>\n<\/tr>\n<tr>\n<td style=\"color: #7311d4;\">TEKNORECTO CROMADO 500-1120<\/td>\n<td>63084<\/td>\n<td rowspan=\"2\">21<\/td>\n<td rowspan=\"2\">1120<\/td>\n<td>500<\/td>\n<td>450<\/td>\n<td>9,6<\/td>\n<td>5,3<\/td>\n<td>275<\/td>\n<td>155<\/td>\n<\/tr>\n<tr>\n<td style=\"color: #7311d4;\">TEKNORECTO CROMADO 600-1120<\/td>\n<td>63087<\/td>\n<td>600<\/td>\n<td>550<\/td>\n<td>10,82<\/td>\n<td>6,0<\/td>\n<td>330<\/td>\n<td>172<\/td>\n<\/tr>\n<tr>\n<td style=\"color: #7311d4;\">TEKNORECTO CROMADO 500-1650<\/td>\n<td>63085<\/td>\n<td rowspan=\"2\">31<\/td>\n<td rowspan=\"2\">1650<\/td>\n<td>500<\/td>\n<td>450<\/td>\n<td>13,49<\/td>\n<td>9,5<\/td>\n<td>412<\/td>\n<td>253<\/td>\n<\/tr>\n<tr>\n<td style=\"color: #7311d4;\">TEKNO RECTO CROMADO 6 00-1650<\/td>\n<td>63088<\/td>\n<td>600<\/td>\n<td>550<\/td>\n<td>15,31<\/td>\n<td>11,0<\/td>\n<td>491<\/td>\n<td>275<\/td>\n<\/tr>\n<\/tbody>\n<\/table>\n","protected":false},"excerpt":{"rendered":"<p> Radiateur courbe blanc et chrome <\/p>\n","protected":false},"featured_media":655,"template":"","meta":{"site-sidebar-layout":"default","site-content-layout":"default","ast-site-content-layout":"","site-content-style":"default","site-sidebar-style":"default","ast-global-header-display":"","ast-banner-title-visibility":"","ast-main-header-display":"","ast-hfb-above-header-display":"","ast-hfb-below-header-display":"","ast-hfb-mobile-header-display":"","site-post-title":"","ast-breadcrumbs-content":"","ast-featured-img":"","footer-sml-layout":"","theme-transparent-header-meta":"default","adv-header-id-meta":"","stick-header-meta":"","header-above-stick-meta":"","header-main-stick-meta":"","header-below-stick-meta":"","astra-migrate-meta-layouts":""},"product_cat":[73,59],"product_tag":[],"class_list":["post-856","product","type-product","status-publish","has-post-thumbnail","hentry","product_cat-emetteurs","product_cat-gamme-domestique","desktop-align-left","tablet-align-left","mobile-align-left"],"_links":{"self":[{"href":"https:\/\/carbonsdelclos.com\/fr\/wp-json\/wp\/v2\/product\/856","targetHints":{"allow":["GET"]}}],"collection":[{"href":"https:\/\/carbonsdelclos.com\/fr\/wp-json\/wp\/v2\/product"}],"about":[{"href":"https:\/\/carbonsdelclos.com\/fr\/wp-json\/wp\/v2\/types\/product"}],"wp:featuredmedia":[{"embeddable":true,"href":"https:\/\/carbonsdelclos.com\/fr\/wp-json\/wp\/v2\/media\/655"}],"wp:attachment":[{"href":"https:\/\/carbonsdelclos.com\/fr\/wp-json\/wp\/v2\/media?parent=856"}],"wp:term":[{"taxonomy":"product_cat","embeddable":true,"href":"https:\/\/carbonsdelclos.com\/fr\/wp-json\/wp\/v2\/product_cat?post=856"},{"taxonomy":"product_tag","embeddable":true,"href":"https:\/\/carbonsdelclos.com\/fr\/wp-json\/wp\/v2\/product_tag?post=856"}],"curies":[{"name":"wp","href":"https:\/\/api.w.org\/{rel}","templated":true}]}}