{"id":860,"date":"2022-06-27T14:20:39","date_gmt":"2022-06-27T14:20:39","guid":{"rendered":"https:\/\/carbonsdelclos.com\/producto\/bioselect\/"},"modified":"2022-06-27T14:20:39","modified_gmt":"2022-06-27T14:20:39","slug":"bioselect-2","status":"publish","type":"product","link":"https:\/\/carbonsdelclos.com\/fr\/produit\/bioselect-2\/","title":{"rendered":"BIOSELECT"},"content":{"rendered":"<h3>BIOSELECT<\/h3>\n<p>&#8211; Chaudi\u00e8re en acier avec 3 \u00e9tapes avec le syst\u00e8me de conduit vertical l&rsquo;auto-nettoyage.<br \/>\n&#8211; Construit par modules ind\u00e9pendants qui sont assembl\u00e9s, et une installation facile dans endroits difficiles \u00e0 atteindre.<br \/>\n&#8211; Pression de service maximale:<br \/>\nStandard: 4 bar<br \/>\nPour consulter d&rsquo;autres pressions:<br \/>\n&#8211; Cascade br\u00fbleur modulant une biomasse PID plage de modulation de 25% \u00e0 100 %, l&rsquo;allumage automatique cendres poussoir, les appels des spectateurs et un acc\u00e8s facile pour le nettoyage et l&rsquo;entretien des mod\u00e8les Bioselect Bioselect 100 \u00e0 500.<br \/>\n&#8211; Afloraci\u00f3n br\u00fbleur 650 dans les mod\u00e8les Bioselect Bioselect 2650.<br \/>\n&#8211; La collecte automatique des cendres par s\u00e9rie sans fin tous les mod\u00e8les.<br \/>\n&#8211; R\u00e8glement: Contr\u00f4le de toutes les fonctions de la chaudi\u00e8re et vitrine en carburant de transport. Eventuellement a un syst\u00e8me de gestion \u00e0 distance sur demande.<br \/>\n&#8211; Permet diff\u00e9rents types de biomasse, tels que granul\u00e9s, agripellet, os, coquilles&#8230; etc<br \/>\nLa fourniture comprend:<br \/>\n&#8211; Corps sur-cadre mont\u00e9 chaudi\u00e8re, dans un ou plusieurs organes, selon le mod\u00e8le.<br \/>\n&#8211; Br\u00fbleur complet dans son emballage individuel.<br \/>\n&#8211; Armoire de commande et man\u0153uvre int\u00e9gr\u00e9e la chaudi\u00e8re.<br \/>\n&#8211; Bo\u00eetiers en emballage individuel.<br \/>\nEventuellement, la chaudi\u00e8re peut \u00eatre fourni plusieurs modules vers des sites difficile d&rsquo;acc\u00e8s.<\/p>\n<h3>AVANTAGES DE CHAUDI\u00c8RES Bioselect<\/h3>\n<p>1.Modulation du syst\u00e8me de combustion de la chaudi\u00e8re PID (r\u00e9gulation proportionnel int\u00e9gral d\u00e9riv\u00e9) avec une modulation de champ 25% \u00e0 100%.<br \/>\nInterchangeable fonte gril de fer pr\u00e9par\u00e9 pour une grande temp\u00e9ratures.<br \/>\nSyst\u00e8me de nettoyage de la pouss\u00e9e de la grille (actionneur lin\u00e9aire) pour \u00e9viter la fatigue des mat\u00e9riaux par les vibrations. Fourniture variable d&rsquo;air primaire et secondaire \u00e0 travers le pression de commande de la maison et r\u00e9volutions hotte file d&rsquo;attente.<br \/>\nEchangeur de chaleur avec trois chemin\u00e9es surdimensionn\u00e9es et la maison pas de faciliter NOx. En r\u00e9glant \u00e9changeur de chaleur sp\u00e9cifique (syst\u00e8me Bioselect) la chaudi\u00e8re est con\u00e7ue pour r\u00e9sister \u00e0 des retours d&rsquo;eau 40 degr\u00e9s, de sorte que vous pouvez travailler de fa\u00e7on transparente avec les syst\u00e8mes basse temp\u00e9rature.<br \/>\n2. Auto Nettoyage de l&rsquo;\u00e9changeur de chaleur utilisant de retenue et syst\u00e8me de d\u00e9tartrage soufflent les cendres, LASIAN exclusive.<br \/>\n3. automatique Extractor cendres par moto-r\u00e9ducteur et vis sans fin. Le r\u00e9cipient \u00e0 cendres est \u00e9quip\u00e9 d&rsquo; un syst\u00e8me de connexion Rapide et roues pour un entretien facile. 4.Tableau \u00e9lectrique \u00e9quip\u00e9 PLC et \u00e9cran tactile num\u00e9rique , contr\u00f4le toutes les fonctions sp\u00e9cifiques de la chaudi\u00e8re. Contr\u00f4l\u00e9e \u00e9galement \u00e0 partir du silo de combustible bo\u00eete de transport chaudi\u00e8re et pompes primaires et anti-condensation. Logiciel gestion \u00e0 distance (en option).<br \/>\n5. Contr\u00f4le de l&rsquo;air de combustion par une r\u00e9gulation automatique contribution (primaire et secondaire), en fonction de la demande pouvoir. Une pression constante dans la chambre de combustion par la sonde de pression et la variation automatique de la rotation hotte aspirante.<br \/>\n6. syst\u00e8me rebond de la s\u00e9curit\u00e9 de la flamme Fold avec thermostat valve m\u00e9canique et assure un fonctionnement inondations avant m\u00eame que des pannes de courant. 7. haut rendement cyclone pour \u00e9viter l&rsquo;\u00e9mission de particules solides (optionnel).<br \/>\n8. automatique avec contr\u00f4le de flamme avec cellule photo\u00e9lectrique pour optimiser les performances et \u00e9viter de br\u00fbler inutiles.<\/p>\n<table class=\"table table-bordered\">\n<thead>\n<tr>\n<th style=\"color: #99cc00;\"><span style=\"color: #ffffff;\">MODEL<\/span><\/th>\n<th style=\"color: #99cc00;\"><span style=\"color: #ffffff;\">PUISSANCE UTILE <\/span><br \/><span style=\"color: #ffffff;\">(kw)<\/span><\/th>\n<th style=\"color: #99cc00;\"><span style=\"color: #ffffff;\">PUISSANCE UTILE<\/span><br \/><span style=\"color: #ffffff;\"> (kcal\/h)<\/span><\/th>\n<th style=\"color: #99cc00;\"><span style=\"color: #ffffff;\">CONNECTIONS<\/span><br \/><span style=\"color: #ffffff;\">(aller et retourne)<\/span><\/th>\n<th style=\"color: #99cc00;\"><span style=\"color: #ffffff;\">A<\/span><br \/><span style=\"color: #ffffff;\"> (mm)<\/span><\/th>\n<th style=\"color: #99cc00;\"><span style=\"color: #ffffff;\">B<\/span><br \/><span style=\"color: #ffffff;\"> (mm)<\/span><\/th>\n<th style=\"color: #99cc00;\"><span style=\"color: #ffffff;\">C <\/span><br \/><span style=\"color: #ffffff;\">(mm)<\/span><\/th>\n<th style=\"color: #99cc00;\"><span style=\"color: #ffffff;\">D <\/span><br \/><span style=\"color: #ffffff;\">(mm)<\/span><\/th>\n<th style=\"color: #99cc00;\"><span style=\"color: #ffffff;\">E <\/span><br \/><span style=\"color: #ffffff;\">(mm)<\/span><\/th>\n<th style=\"color: #99cc00;\"><span style=\"color: #ffffff;\">F<\/span><br \/><span style=\"color: #ffffff;\"> (mm)<\/span><\/th>\n<th style=\"color: #99cc00;\"><span style=\"color: #ffffff;\">G<\/span><br \/><span style=\"color: #ffffff;\"> (mm)<\/span><\/th>\n<th style=\"color: #99cc00;\"><span style=\"color: #ffffff;\">CHEMIN\u00c9E <\/span><br \/><span style=\"color: #ffffff;\">(diametre)<\/span><\/th>\n<th style=\"color: #99cc00;\"><span style=\"color: #ffffff;\">CODE<\/span><\/th>\n<th style=\"color: #99cc00;\"><span style=\"color: #ffffff;\">P.V.P<\/span><\/th>\n<\/tr>\n<\/thead>\n<tbody>\n<tr>\n<td style=\"color: #99cc00;\">BIOSELECT 100<\/td>\n<td>100<\/td>\n<td>86.000<\/td>\n<td>DN 50<\/td>\n<td>1883<\/td>\n<td>963<\/td>\n<td>712<\/td>\n<td>630<\/td>\n<td>1460<\/td>\n<td>850<\/td>\n<td>250<\/td>\n<td>200<\/td>\n<td>2625<\/td>\n<td>23.560<\/td>\n<\/tr>\n<tr>\n<td style=\"color: #99cc00;\">BIOSELECT 150<\/td>\n<td>150<\/td>\n<td>129.000<\/td>\n<td>DN 80<\/td>\n<td>1888<\/td>\n<td>1014<\/td>\n<td>647<\/td>\n<td>601<\/td>\n<td>2490<\/td>\n<td>743<\/td>\n<td>250<\/td>\n<td>200<\/td>\n<td>2626<\/td>\n<td>34.478<\/td>\n<\/tr>\n<tr>\n<td style=\"color: #99cc00;\">BIOSELECT 200<\/td>\n<td>200<\/td>\n<td>172.000<\/td>\n<td>DN 80<\/td>\n<td>1981<\/td>\n<td>1014<\/td>\n<td>704<\/td>\n<td>601<\/td>\n<td>2490<\/td>\n<td>743<\/td>\n<td>250<\/td>\n<td>200<\/td>\n<td>2627<\/td>\n<td>39.103<\/td>\n<\/tr>\n<tr>\n<td style=\"color: #99cc00;\">BIOSELECT 250<\/td>\n<td>250<\/td>\n<td>215.000<\/td>\n<td>DN 80<\/td>\n<td>1981<\/td>\n<td>1077<\/td>\n<td>704<\/td>\n<td>636<\/td>\n<td>2490<\/td>\n<td>751<\/td>\n<td>250<\/td>\n<td>250<\/td>\n<td>2628<\/td>\n<td>45.897<\/td>\n<\/tr>\n<tr>\n<td style=\"color: #99cc00;\">BIOSELECT 325<\/td>\n<td>325<\/td>\n<td>279.000<\/td>\n<td>DN 80<\/td>\n<td>2205<\/td>\n<td>1077<\/td>\n<td>704<\/td>\n<td>636<\/td>\n<td>2490<\/td>\n<td>751<\/td>\n<td>250<\/td>\n<td>250<\/td>\n<td>2629<\/td>\n<td>55.572<\/td>\n<\/tr>\n<tr>\n<td style=\"color: #99cc00;\">BIOSELECT 400<\/td>\n<td>400<\/td>\n<td>344.000<\/td>\n<td>DN 80<\/td>\n<td>2205<\/td>\n<td>1170<\/td>\n<td>704<\/td>\n<td>636<\/td>\n<td>2490<\/td>\n<td>751<\/td>\n<td>250<\/td>\n<td>300<\/td>\n<td>2630<\/td>\n<td>71.615<\/td>\n<\/tr>\n<tr>\n<td style=\"color: #99cc00;\">BIOSELECT 500<\/td>\n<td>500<\/td>\n<td>430.000<\/td>\n<td>DN 80<\/td>\n<td>2205<\/td>\n<td>1374<\/td>\n<td>704<\/td>\n<td>636<\/td>\n<td>2490<\/td>\n<td>751<\/td>\n<td>250<\/td>\n<td>300<\/td>\n<td>2631<\/td>\n<td>83.010<\/td>\n<\/tr>\n<tr>\n<td style=\"color: #99cc00;\">BIOSELECT 650<\/td>\n<td>650<\/td>\n<td>559.000<\/td>\n<td>DN 100<\/td>\n<td>2500<\/td>\n<td>1374<\/td>\n<td>704<\/td>\n<td>636<\/td>\n<td>2490<\/td>\n<td>751<\/td>\n<td>250<\/td>\n<td>300<\/td>\n<td>2632<\/td>\n<td>90.500<\/td>\n<\/tr>\n<tr>\n<td style=\"color: #99cc00;\">BIOSELECT 800<\/td>\n<td>800<\/td>\n<td>688.000<\/td>\n<td>DN 100<\/td>\n<td>3420<\/td>\n<td>2150<\/td>\n<td>1360<\/td>\n<td>636<\/td>\n<td>4010<\/td>\n<td>910<\/td>\n<td>250<\/td>\n<td>400<\/td>\n<td>2633<\/td>\n<td>104.722<\/td>\n<\/tr>\n<tr>\n<td style=\"color: #99cc00;\">BIOSELECT 1000<\/td>\n<td>1000<\/td>\n<td>860.000<\/td>\n<td>DN 100<\/td>\n<td>3420<\/td>\n<td>2200<\/td>\n<td>2000<\/td>\n<td>1400<\/td>\n<td>4800<\/td>\n<td>910<\/td>\n<td>250<\/td>\n<td>400<\/td>\n<td>2634<\/td>\n<td>113.583<\/td>\n<\/tr>\n<tr>\n<td style=\"color: #99cc00;\">BIOSELECT 1160<\/td>\n<td>1160<\/td>\n<td>997.600<\/td>\n<td>DN 125<\/td>\n<td>3500<\/td>\n<td>2200<\/td>\n<td>2000<\/td>\n<td>1400<\/td>\n<td>4900<\/td>\n<td>910<\/td>\n<td>250<\/td>\n<td>400<\/td>\n<td>2635<\/td>\n<td>128.184<\/td>\n<\/tr>\n<tr>\n<td style=\"color: #99cc00;\">BIOSELECT 1500<\/td>\n<td>1500<\/td>\n<td>1.290.000<\/td>\n<td>DN 150<\/td>\n<td>3600<\/td>\n<td>2200<\/td>\n<td>2000<\/td>\n<td>1400<\/td>\n<td>6000<\/td>\n<td>910<\/td>\n<td>250<\/td>\n<td>500<\/td>\n<td>2690<\/td>\n<td>138.169<\/td>\n<\/tr>\n<tr>\n<td style=\"color: #99cc00;\">BIOSELECT 1750<\/td>\n<td>1750<\/td>\n<td>1.505.000<\/td>\n<td>DN 150<\/td>\n<td>3700<\/td>\n<td>2200<\/td>\n<td>2000<\/td>\n<td>1400<\/td>\n<td>6000<\/td>\n<td>910<\/td>\n<td>250<\/td>\n<td>500<\/td>\n<td>2691<\/td>\n<td>148.471<\/td>\n<\/tr>\n<tr>\n<td style=\"color: #99cc00;\">BIOSELECT 2100<\/td>\n<td>2100<\/td>\n<td>1.806.00<\/td>\n<td>DN 200<\/td>\n<td>3800<\/td>\n<td>2200<\/td>\n<td>2000<\/td>\n<td>1400<\/td>\n<td>6000<\/td>\n<td>910<\/td>\n<td>250<\/td>\n<td>600<\/td>\n<td>2692<\/td>\n<td>178.939<\/td>\n<\/tr>\n<tr>\n<td style=\"color: #99cc00;\">BIOSELECT 2325<\/td>\n<td>2325<\/td>\n<td>1.999.500<\/td>\n<td>DN 200<\/td>\n<td>3800<\/td>\n<td>2200<\/td>\n<td>2000<\/td>\n<td>1400<\/td>\n<td>6000<\/td>\n<td>910<\/td>\n<td>250<\/td>\n<td>600<\/td>\n<td>2693<\/td>\n<td>199.487<\/td>\n<\/tr>\n<\/tbody>\n<\/table>\n","protected":false},"excerpt":{"rendered":"<p> Acier de chaudi\u00e8re pour les biocombustibles, 100 a 2325 kw <\/p>\n","protected":false},"featured_media":667,"template":"","meta":{"site-sidebar-layout":"default","site-content-layout":"default","ast-site-content-layout":"","site-content-style":"default","site-sidebar-style":"default","ast-global-header-display":"","ast-banner-title-visibility":"","ast-main-header-display":"","ast-hfb-above-header-display":"","ast-hfb-below-header-display":"","ast-hfb-mobile-header-display":"","site-post-title":"","ast-breadcrumbs-content":"","ast-featured-img":"","footer-sml-layout":"","theme-transparent-header-meta":"default","adv-header-id-meta":"","stick-header-meta":"","header-above-stick-meta":"","header-main-stick-meta":"","header-below-stick-meta":"","astra-migrate-meta-layouts":""},"product_cat":[79,77],"product_tag":[],"class_list":["post-860","product","type-product","status-publish","has-post-thumbnail","hentry","product_cat-biomasse-gamme-industriel","product_cat-gamme-industrial","desktop-align-left","tablet-align-left","mobile-align-left"],"_links":{"self":[{"href":"https:\/\/carbonsdelclos.com\/fr\/wp-json\/wp\/v2\/product\/860","targetHints":{"allow":["GET"]}}],"collection":[{"href":"https:\/\/carbonsdelclos.com\/fr\/wp-json\/wp\/v2\/product"}],"about":[{"href":"https:\/\/carbonsdelclos.com\/fr\/wp-json\/wp\/v2\/types\/product"}],"wp:featuredmedia":[{"embeddable":true,"href":"https:\/\/carbonsdelclos.com\/fr\/wp-json\/wp\/v2\/media\/667"}],"wp:attachment":[{"href":"https:\/\/carbonsdelclos.com\/fr\/wp-json\/wp\/v2\/media?parent=860"}],"wp:term":[{"taxonomy":"product_cat","embeddable":true,"href":"https:\/\/carbonsdelclos.com\/fr\/wp-json\/wp\/v2\/product_cat?post=860"},{"taxonomy":"product_tag","embeddable":true,"href":"https:\/\/carbonsdelclos.com\/fr\/wp-json\/wp\/v2\/product_tag?post=860"}],"curies":[{"name":"wp","href":"https:\/\/api.w.org\/{rel}","templated":true}]}}