{"id":862,"date":"2022-06-27T14:23:24","date_gmt":"2022-06-27T14:23:24","guid":{"rendered":"https:\/\/carbonsdelclos.com\/producto\/climapres\/"},"modified":"2022-06-27T14:23:24","modified_gmt":"2022-06-27T14:23:24","slug":"climapres-2","status":"publish","type":"product","link":"https:\/\/carbonsdelclos.com\/fr\/produit\/climapres-2\/","title":{"rendered":"CLIMAPRES"},"content":{"rendered":"<h3>CLIMAPRES<\/h3>\n<p>&#8211; Chaudi\u00e8res dont la note de la politique \u00e9nerg\u00e9tique 92\/42 CE, cylindrique horizontal avec investissement appel\u00e9 \u00e0 la maison et de la troisi\u00e8me \u00e9tape de des fum\u00e9es dans les tuyaux.<br \/>\n&#8211; Les soudures et les proc\u00e9dures de soudage sont approuv\u00e9s par le T\u00dcV (D) &#8211; UDT (PL) &#8211; SA (S) et ISPESL (I).<br \/>\n&#8211; Les chaudi\u00e8res sont \u00e9quip\u00e9es d&rsquo;une porte vous pouvez ouvrir \u00e0 gauche et \u00e0 droite. Rev\u00eatue d&rsquo;un mat\u00e9riau de laine de verre \u00e9paisseur de 60 \u00e0 100 mm.<br \/>\n&#8211; La partie sup\u00e9rieure de la plaque est munie de crochets pour le levage de la chaudi\u00e8re.<\/p>\n<table class=\"table table-bordered\">\n<thead>\n<tr>\n<th style=\"color: #ff0000;\" rowspan=\"2\"><span style=\"color: #ffffff;\">MODEL<\/span><\/th>\n<th style=\"color: #ff0000;\"><span style=\"color: #ffffff;\">PUISSANCE UTILE <\/span> <br \/> <span style=\"color: #ffffff;\">(KW)<\/span><\/th>\n<th style=\"color: #ff0000;\" rowspan=\"2\"><span style=\"color: #ffffff;\">CODE CHAUDI\u00c8RE<\/span><\/th>\n<th style=\"color: #ff0000;\" rowspan=\"2\"><span style=\"color: #ffffff;\">P.V.P <\/span> <br \/> <span style=\"color: #ffffff;\">seulement chaudi\u00e8re<\/span><\/th>\n<\/tr>\n<\/thead>\n<tbody>\n<tr>\n<td style=\"color: #ff0000;\">CLIMAPRES 80<\/td>\n<td>80<\/td>\n<td>2100<\/td>\n<td>2.586<\/td>\n<\/tr>\n<tr>\n<td style=\"color: #ff0000;\">CLIMAPRES 125<\/td>\n<td>125<\/td>\n<td>2101<\/td>\n<td>4.039<\/td>\n<\/tr>\n<tr>\n<td style=\"color: #ff0000;\">CLIMAPRES 150<\/td>\n<td>150<\/td>\n<td>2102<\/td>\n<td>4.849<\/td>\n<\/tr>\n<tr>\n<td style=\"color: #ff0000;\">CLIMAPRES 215<\/td>\n<td>215<\/td>\n<td>2103<\/td>\n<td>5.362<\/td>\n<\/tr>\n<tr>\n<td style=\"color: #ff0000;\">CLIMAPRES 260<\/td>\n<td>260<\/td>\n<td>2104<\/td>\n<td>6.012<\/td>\n<\/tr>\n<tr>\n<td style=\"color: #ff0000;\">CLIMAPRES 300<\/td>\n<td>300<\/td>\n<td>2105<\/td>\n<td>6.269<\/td>\n<\/tr>\n<tr>\n<td style=\"color: #ff0000;\">CLIMAPRES 370<\/td>\n<td>370<\/td>\n<td>2106<\/td>\n<td>7.438<\/td>\n<\/tr>\n<tr>\n<td style=\"color: #ff0000;\">CLIMAPRES 450<\/td>\n<td>450<\/td>\n<td>2107<\/td>\n<td>7.988<\/td>\n<\/tr>\n<tr>\n<td style=\"color: #ff0000;\">CLIMAPRES 560<\/td>\n<td>560<\/td>\n<td>2108<\/td>\n<td>9.613<\/td>\n<\/tr>\n<tr>\n<td style=\"color: #ff0000;\">CLIMAPRES 680<\/td>\n<td>680<\/td>\n<td>2109<\/td>\n<td>13.129<\/td>\n<\/tr>\n<tr>\n<td style=\"color: #ff0000;\">CLIMAPRES 780<\/td>\n<td>780<\/td>\n<td>2110<\/td>\n<td>13.743<\/td>\n<\/tr>\n<tr>\n<td style=\"color: #ff0000;\">CLIMAPRES 870<\/td>\n<td>870<\/td>\n<td>2111<\/td>\n<td>14.238<\/td>\n<\/tr>\n<tr>\n<td style=\"color: #ff0000;\">CLIMAPRES 1000<\/td>\n<td>1000<\/td>\n<td>2112<\/td>\n<td>17.697<\/td>\n<\/tr>\n<tr>\n<td style=\"color: #ff0000;\">CLIMAPRES 1180<\/td>\n<td>1180<\/td>\n<td>2113<\/td>\n<td>18.730<\/td>\n<\/tr>\n<tr>\n<td style=\"color: #ff0000;\">CLIMAPRES 1400<\/td>\n<td>1400<\/td>\n<td>2114<\/td>\n<td>23.352<\/td>\n<\/tr>\n<tr>\n<td style=\"color: #ff0000;\">CLIMAPRES 1650<\/td>\n<td>1650<\/td>\n<td>2115<\/td>\n<td>26.564<\/td>\n<\/tr>\n<tr>\n<td style=\"color: #ff0000;\">CLIMAPRES 2000<\/td>\n<td>2000<\/td>\n<td>2116<\/td>\n<td>35.914<\/td>\n<\/tr>\n<tr>\n<td style=\"color: #ff0000;\">CLIMAPRES 2350<\/td>\n<td>2350<\/td>\n<td>2117<\/td>\n<td>38.442<\/td>\n<\/tr>\n<\/tbody>\n<\/table>\n","protected":false},"excerpt":{"rendered":"<p> Chaudi\u00e8re en acier carburants de liquide et de gaz de 80 kW \u00e0 2350 kW <\/p>\n","protected":false},"featured_media":675,"template":"","meta":{"site-sidebar-layout":"default","site-content-layout":"default","ast-site-content-layout":"","site-content-style":"default","site-sidebar-style":"default","ast-global-header-display":"","ast-banner-title-visibility":"","ast-main-header-display":"","ast-hfb-above-header-display":"","ast-hfb-below-header-display":"","ast-hfb-mobile-header-display":"","site-post-title":"","ast-breadcrumbs-content":"","ast-featured-img":"","footer-sml-layout":"","theme-transparent-header-meta":"default","adv-header-id-meta":"","stick-header-meta":"","header-above-stick-meta":"","header-main-stick-meta":"","header-below-stick-meta":"","astra-migrate-meta-layouts":""},"product_cat":[77,82],"product_tag":[],"class_list":["post-862","product","type-product","status-publish","has-post-thumbnail","hentry","product_cat-gamme-industrial","product_cat-gaz-et-diesel","desktop-align-left","tablet-align-left","mobile-align-left"],"_links":{"self":[{"href":"https:\/\/carbonsdelclos.com\/fr\/wp-json\/wp\/v2\/product\/862","targetHints":{"allow":["GET"]}}],"collection":[{"href":"https:\/\/carbonsdelclos.com\/fr\/wp-json\/wp\/v2\/product"}],"about":[{"href":"https:\/\/carbonsdelclos.com\/fr\/wp-json\/wp\/v2\/types\/product"}],"wp:featuredmedia":[{"embeddable":true,"href":"https:\/\/carbonsdelclos.com\/fr\/wp-json\/wp\/v2\/media\/675"}],"wp:attachment":[{"href":"https:\/\/carbonsdelclos.com\/fr\/wp-json\/wp\/v2\/media?parent=862"}],"wp:term":[{"taxonomy":"product_cat","embeddable":true,"href":"https:\/\/carbonsdelclos.com\/fr\/wp-json\/wp\/v2\/product_cat?post=862"},{"taxonomy":"product_tag","embeddable":true,"href":"https:\/\/carbonsdelclos.com\/fr\/wp-json\/wp\/v2\/product_tag?post=862"}],"curies":[{"name":"wp","href":"https:\/\/api.w.org\/{rel}","templated":true}]}}