{"id":864,"date":"2022-06-27T14:25:23","date_gmt":"2022-06-27T14:25:23","guid":{"rendered":"https:\/\/carbonsdelclos.com\/producto\/climatrex\/"},"modified":"2022-06-27T14:25:23","modified_gmt":"2022-06-27T14:25:23","slug":"climatrex-2","status":"publish","type":"product","link":"https:\/\/carbonsdelclos.com\/fr\/produit\/climatrex-2\/","title":{"rendered":"CLIMATREX"},"content":{"rendered":"<h3>CLIMATREX<\/h3>\n<p>&#8211; CLIMATREX est la solution pour ceux qui optent pour une chaudi\u00e8re 3 chaudi\u00e8re de passe et de haute performance \u00e0 un co\u00fbt r\u00e9duite.<br \/>\n\u2022 Haute efficacit\u00e9 (&gt;91,5%)<br \/>\n\u2022 Faibles \u00e9missions de NOx ( &lt; 120 mg\/kWh )<br \/>\n\u2022 Conformit\u00e9 \u00e0 la norme EN 303<br \/>\net la directive 92\/42\/CEE r\u00e9glementant la fabrication, l&rsquo;efficacit\u00e9, et l&rsquo;examen des performances en basse temp\u00e9rature\u00a0\u00bb chaudi\u00e8res.<br \/>\nL&rsquo;\u00e9volution technique des chaudi\u00e8res CLIMATREX satisfait les conditions d&rsquo;exploitation pleinement que La technologie actuelle exige des syst\u00e8mes de chauffage.<br \/>\n&#8211; Adaptation d&rsquo;une s\u00e9rie de pouvoirs, ce qui permet, pour un mod\u00e8le donn\u00e9, travaillant \u00e0 diff\u00e9rents pouvoirs dans l&rsquo;intervalle admis fourni avec des niveaux \u00e9lev\u00e9s d&rsquo;efficacit\u00e9.<br \/>\n&#8211; Capacit\u00e9 \u00e0 travailler avec des br\u00fbleurs \u00e0 faibles \u00e9missions, gr\u00e2ce \u00e0 la chaudi\u00e8re 3 passe sans retour de flamme maison.<\/p>\n<h3>CARACT\u00c9RISTIQUES TECHNIQUES<\/h3>\n<p>Les chaudi\u00e8res CLIMATREX avec 3 chemin\u00e9es sont form\u00e9s par:<br \/>\n&#8211; Un ovale de la maison.<br \/>\n&#8211; Chambre cylindrique compl\u00e8tement submerg\u00e9 o\u00f9 la combustion a lieu la premi\u00e8re \u00e9tape de la fum\u00e9e.<br \/>\n&#8211; Situation des tubes sur le dessus pour les deuxi\u00e8me et troisi\u00e8me \u00e9tapes fumer.<br \/>\n&#8211; Un collecteur\/distributeur sp\u00e9ciaux temp\u00e9ratures stratifi\u00e9es de mani\u00e8re ad\u00e9quate optimisation de la circulation d&rsquo;eau.<br \/>\n&#8211; Les tubes sont plac\u00e9s sur le dessus et la temp\u00e9rature plus \u00e9lev\u00e9e la chaudi\u00e8re afin de r\u00e9duire la diff\u00e9rence de temp\u00e9rature entre les gaz de combustion et de l&rsquo;eau provenant de la chaudi\u00e8re, et donc pr\u00e9venir la formation de condensation, origine et la cause la corrosion et la d\u00e9t\u00e9rioration rapide des chaudi\u00e8res traditionnelle.<\/p>\n<table class=\"table table-bordered\">\n<thead>\n<tr>\n<th style=\"color: #ff0000;\" rowspan=\"2\"><span style=\"color: #ffffff;\">MODEL<\/span><\/th>\n<th style=\"color: #ff0000;\"><span style=\"color: #ffffff;\">PUISSANCE UTILE <\/span> <br \/> <span style=\"color: #ffffff;\">(KW)<\/span><\/th>\n<th style=\"color: #ff0000;\" rowspan=\"2\"><span style=\"color: #ffffff;\">CODE CHAUDI\u00c8RE<\/span><\/th>\n<th style=\"color: #ff0000;\" rowspan=\"2\"><span style=\"color: #ffffff;\">P.V.P <\/span> <br \/> <span style=\"color: #ffffff;\">seulement chaudi\u00e8re<\/span><\/th>\n<\/tr>\n<\/thead>\n<tbody>\n<tr>\n<td style=\"color: #ff0000;\">CLIMATREX 65<\/td>\n<td>65<\/td>\n<td>2122<\/td>\n<td>3.245<\/td>\n<\/tr>\n<tr>\n<td style=\"color: #ff0000;\">CLIMATREX 85<\/td>\n<td>85<\/td>\n<td>2123<\/td>\n<td>3.565<\/td>\n<\/tr>\n<tr>\n<td style=\"color: #ff0000;\">CLIMATREX 110<\/td>\n<td>110<\/td>\n<td>2124<\/td>\n<td>4.305<\/td>\n<\/tr>\n<tr>\n<td style=\"color: #ff0000;\">CLIMATREX 150<\/td>\n<td>150<\/td>\n<td>2125<\/td>\n<td>4.604<\/td>\n<\/tr>\n<tr>\n<td style=\"color: #ff0000;\">CLIMATREX 185<\/td>\n<td>185<\/td>\n<td>2126<\/td>\n<td>5.169<\/td>\n<\/tr>\n<tr>\n<td style=\"color: #ff0000;\">CLIMATREX 225<\/td>\n<td>225<\/td>\n<td>2127<\/td>\n<td>5.417<\/td>\n<\/tr>\n<tr>\n<td style=\"color: #ff0000;\">CLIMATREX 300<\/td>\n<td>300<\/td>\n<td>2128<\/td>\n<td>7.504<\/td>\n<\/tr>\n<tr>\n<td style=\"color: #ff0000;\">CLIMATREX 380<\/td>\n<td>380<\/td>\n<td>2129<\/td>\n<td>7.963<\/td>\n<\/tr>\n<tr>\n<td style=\"color: #ff0000;\">CLIMATREX 500<\/td>\n<td>500<\/td>\n<td>2130<\/td>\n<td>10.395<\/td>\n<\/tr>\n<tr>\n<td style=\"color: #ff0000;\">CLIMATREX 630<\/td>\n<td>630<\/td>\n<td>2131<\/td>\n<td>12.005<\/td>\n<\/tr>\n<tr>\n<td style=\"color: #ff0000;\">CLIMATREX 730<\/td>\n<td>730<\/td>\n<td>2132<\/td>\n<td>12.199<\/td>\n<\/tr>\n<tr>\n<td style=\"color: #ff0000;\">CLIMATREX 840<\/td>\n<td>840<\/td>\n<td>2133<\/td>\n<td>15.818<\/td>\n<\/tr>\n<tr>\n<td style=\"color: #ff0000;\">CLIMATREX 1100<\/td>\n<td>1000<\/td>\n<td>2134<\/td>\n<td>22.343<\/td>\n<\/tr>\n<tr>\n<td style=\"color: #ff0000;\">CLIMATREX 1320<\/td>\n<td>1320<\/td>\n<td>2135<\/td>\n<td>25.108<\/td>\n<\/tr>\n<tr>\n<td style=\"color: #ff0000;\">CLIMATREX 1600<\/td>\n<td>1600<\/td>\n<td>2136<\/td>\n<td>30.869<\/td>\n<\/tr>\n<tr>\n<td style=\"color: #ff0000;\">CLIMATREX 1900<\/td>\n<td>1900<\/td>\n<td>2137<\/td>\n<td>33.276<\/td>\n<\/tr>\n<\/tbody>\n<\/table>\n","protected":false},"excerpt":{"rendered":"<p> Chaudiere acier 3 \u00e9tapes de fum\u00e9e combustibles liquides ou gazeux de 65 \u00e0 1900 kw <\/p>\n","protected":false},"featured_media":681,"template":"","meta":{"site-sidebar-layout":"default","site-content-layout":"default","ast-site-content-layout":"","site-content-style":"default","site-sidebar-style":"default","ast-global-header-display":"","ast-banner-title-visibility":"","ast-main-header-display":"","ast-hfb-above-header-display":"","ast-hfb-below-header-display":"","ast-hfb-mobile-header-display":"","site-post-title":"","ast-breadcrumbs-content":"","ast-featured-img":"","footer-sml-layout":"","theme-transparent-header-meta":"default","adv-header-id-meta":"","stick-header-meta":"","header-above-stick-meta":"","header-main-stick-meta":"","header-below-stick-meta":"","astra-migrate-meta-layouts":""},"product_cat":[77,82],"product_tag":[],"class_list":["post-864","product","type-product","status-publish","has-post-thumbnail","hentry","product_cat-gamme-industrial","product_cat-gaz-et-diesel","desktop-align-left","tablet-align-left","mobile-align-left"],"_links":{"self":[{"href":"https:\/\/carbonsdelclos.com\/fr\/wp-json\/wp\/v2\/product\/864","targetHints":{"allow":["GET"]}}],"collection":[{"href":"https:\/\/carbonsdelclos.com\/fr\/wp-json\/wp\/v2\/product"}],"about":[{"href":"https:\/\/carbonsdelclos.com\/fr\/wp-json\/wp\/v2\/types\/product"}],"wp:featuredmedia":[{"embeddable":true,"href":"https:\/\/carbonsdelclos.com\/fr\/wp-json\/wp\/v2\/media\/681"}],"wp:attachment":[{"href":"https:\/\/carbonsdelclos.com\/fr\/wp-json\/wp\/v2\/media?parent=864"}],"wp:term":[{"taxonomy":"product_cat","embeddable":true,"href":"https:\/\/carbonsdelclos.com\/fr\/wp-json\/wp\/v2\/product_cat?post=864"},{"taxonomy":"product_tag","embeddable":true,"href":"https:\/\/carbonsdelclos.com\/fr\/wp-json\/wp\/v2\/product_tag?post=864"}],"curies":[{"name":"wp","href":"https:\/\/api.w.org\/{rel}","templated":true}]}}