{"id":870,"date":"2022-06-28T13:02:43","date_gmt":"2022-06-28T13:02:43","guid":{"rendered":"https:\/\/carbonsdelclos.com\/producto\/ymk-jetstream\/"},"modified":"2022-06-28T13:02:43","modified_gmt":"2022-06-28T13:02:43","slug":"ymk-jetstream-2","status":"publish","type":"product","link":"https:\/\/carbonsdelclos.com\/fr\/produit\/ymk-jetstream-2\/","title":{"rendered":"YMK JETSTREAM"},"content":{"rendered":"<h3>YMK JETSTREAM<\/h3>\n<p>&#8211; Caldera compos\u00e9 d&rsquo;\u00e9l\u00e9ments de fonte avec trois \u00e9tapes fum\u00e9es qui donnent des performances \u00e9lev\u00e9es.<br \/>\n&#8211; Ils sont conformes aux directives:<br \/>\n 92\/42 CE sur l&rsquo;efficacit\u00e9 \u00e9nerg\u00e9tique.<br \/>\n 90\/396 CE des appareils \u00e0 gaz.<br \/>\n&#8211; La pression de service maximale de 4 bar.<br \/>\n&#8211; Les combustibles utilis\u00e9s sont le gaz naturel, le propane, le diesel et le mazout.<br \/>\n&#8211; Supporte le fonctionnement \u00e0 basse temp\u00e9rature. Dans ces cas, les temp\u00e9ratures retour ne devrait pas \u00eatre inf\u00e9rieure \u00e0 40\u00b0 C, le gaz naturel et le propane, et 30\u00b0 C, le gazole et le fioul, sauf que la diff\u00e9rence de temp\u00e9rature entre la tour rendement est sup\u00e9rieur \u00e0 10\u00b0 C.<\/p>\n<table class=\"table table-bordered\">\n<thead>\n<tr>\n<th style=\"color: #ff0000;\" rowspan=\"2\"><span style=\"color: #ffffff;\">MODEL<\/span><\/th>\n<th style=\"color: #ff0000;\"><span style=\"color: #ffffff;\">PUISSANCE UTILE <\/span> <br \/> <span style=\"color: #ffffff;\">(KW)<\/span><\/th>\n<th style=\"color: #ff0000;\" rowspan=\"2\"><span style=\"color: #ffffff;\">CODE CHAUDI\u00c8RE<\/span><\/th>\n<th style=\"color: #ff0000;\" rowspan=\"2\"><span style=\"color: #ffffff;\">P.V.P <\/span> <br \/> <span style=\"color: #ffffff;\">seulement chaudi\u00e8re non mont\u00e9<\/span><\/th>\n<\/tr>\n<\/thead>\n<tbody>\n<tr>\n<td style=\"color: #ff0000;\">YMK 8<\/td>\n<td>320<\/td>\n<td>1680<\/td>\n<td>7.146<\/td>\n<\/tr>\n<tr>\n<td style=\"color: #ff0000;\">YMK 9<\/td>\n<td>378<\/td>\n<td>1681<\/td>\n<td>7.702<\/td>\n<\/tr>\n<tr>\n<td style=\"color: #ff0000;\">YMK 10<\/td>\n<td>436<\/td>\n<td>1682<\/td>\n<td>8.282<\/td>\n<\/tr>\n<tr>\n<td style=\"color: #ff0000;\">YMK 11<\/td>\n<td>494<\/td>\n<td>1683<\/td>\n<td>8.908<\/td>\n<\/tr>\n<tr>\n<td style=\"color: #ff0000;\">YMK 12<\/td>\n<td>552<\/td>\n<td>1684<\/td>\n<td>9.879<\/td>\n<\/tr>\n<tr>\n<td style=\"color: #ff0000;\">YMK 13<\/td>\n<td>611<\/td>\n<td>1685<\/td>\n<td>10.464<\/td>\n<\/tr>\n<tr>\n<td style=\"color: #ff0000;\">YMK 14<\/td>\n<td>669<\/td>\n<td>1686<\/td>\n<td>11.40<\/td>\n<\/tr>\n<\/tbody>\n<\/table>\n","protected":false},"excerpt":{"rendered":"<p>Chaudi\u00e8re en fonte combustibles liquides ou gazeux \u00e0 partir de 320 kW \u00e0 669 kW<\/p>\n","protected":false},"featured_media":695,"template":"","meta":{"site-sidebar-layout":"default","site-content-layout":"default","ast-site-content-layout":"","site-content-style":"default","site-sidebar-style":"default","ast-global-header-display":"","ast-banner-title-visibility":"","ast-main-header-display":"","ast-hfb-above-header-display":"","ast-hfb-below-header-display":"","ast-hfb-mobile-header-display":"","site-post-title":"","ast-breadcrumbs-content":"","ast-featured-img":"","footer-sml-layout":"","theme-transparent-header-meta":"default","adv-header-id-meta":"","stick-header-meta":"","header-above-stick-meta":"","header-main-stick-meta":"","header-below-stick-meta":"","astra-migrate-meta-layouts":""},"product_cat":[77,82],"product_tag":[],"class_list":["post-870","product","type-product","status-publish","has-post-thumbnail","hentry","product_cat-gamme-industrial","product_cat-gaz-et-diesel","desktop-align-left","tablet-align-left","mobile-align-left"],"_links":{"self":[{"href":"https:\/\/carbonsdelclos.com\/fr\/wp-json\/wp\/v2\/product\/870","targetHints":{"allow":["GET"]}}],"collection":[{"href":"https:\/\/carbonsdelclos.com\/fr\/wp-json\/wp\/v2\/product"}],"about":[{"href":"https:\/\/carbonsdelclos.com\/fr\/wp-json\/wp\/v2\/types\/product"}],"wp:featuredmedia":[{"embeddable":true,"href":"https:\/\/carbonsdelclos.com\/fr\/wp-json\/wp\/v2\/media\/695"}],"wp:attachment":[{"href":"https:\/\/carbonsdelclos.com\/fr\/wp-json\/wp\/v2\/media?parent=870"}],"wp:term":[{"taxonomy":"product_cat","embeddable":true,"href":"https:\/\/carbonsdelclos.com\/fr\/wp-json\/wp\/v2\/product_cat?post=870"},{"taxonomy":"product_tag","embeddable":true,"href":"https:\/\/carbonsdelclos.com\/fr\/wp-json\/wp\/v2\/product_tag?post=870"}],"curies":[{"name":"wp","href":"https:\/\/api.w.org\/{rel}","templated":true}]}}