{"id":872,"date":"2022-06-28T13:04:33","date_gmt":"2022-06-28T13:04:33","guid":{"rendered":"https:\/\/carbonsdelclos.com\/producto\/accumulators\/"},"modified":"2022-06-28T13:04:33","modified_gmt":"2022-06-28T13:04:33","slug":"accumulators","status":"publish","type":"product","link":"https:\/\/carbonsdelclos.com\/fr\/produit\/accumulators\/","title":{"rendered":"ACCUMULATORS"},"content":{"rendered":"<h3>ACCUMULATION<\/h3>\n<p>&#8211; Fabriqu\u00e9 \u00e0 la directive 97\/23\/CE de la pression art. 3.3 et la pertinence de contact avec les DM de l&rsquo;eau potable 174\/04 ou 1935\/04\/CE.<br \/>\n&#8211; R\u00c9SERVOIR: Fabriqu\u00e9es en acier au carbone et le traitement interne Je CERAMIX constitu\u00e9 d&rsquo;un brillant temp\u00e9ratures admettant -5\u00b0C \u00e0 +95\u00b0C et un traitement anti-oxydant externe, avec une garantie de 5 ans.<br \/>\n&#8211; ISOLATION: En polyur\u00e9thane souple de 100 mm \u00e9paisseur et finition gaine en PVC.<br \/>\n&#8211; Standard fourni avec le magn\u00e9sium bouchon d&rsquo;anode et thermom\u00e8tre.<br \/>\nOptions:<br \/>\n \u2022 Anode en magn\u00e9sium avec un t\u00e9moin<br \/>\n \u2022 Anode \u00e9lectronique<br \/>\nLes conditions de d\u00e9p\u00f4t fonctionnent:<br \/>\n \u2022 La temp\u00e9rature maximale de 95\u00b0C<br \/>\n \u2022 Pression maximale 8 bar<br \/>\n \u2022 Pression d&rsquo;essai: 12 bar<\/p>\n<table class=\"table table-bordered\">\n<thead>\n<tr>\n<th rowspan=\"2\">cuve verticale<\/th>\n<th style=\"color: #3366ff;\" colspan=\"2\"><span style=\"color: #ffffff;\">DAV 1000<\/span><\/th>\n<th style=\"color: #3366ff;\" colspan=\"2\"><span style=\"color: #ffffff;\">DAV 1500<\/span><\/th>\n<th style=\"color: #3366ff;\" colspan=\"2\"><span style=\"color: #ffffff;\">DAV 2000<\/span><\/th>\n<th style=\"color: #3366ff;\" colspan=\"2\"><span style=\"color: #ffffff;\">DAV 2500<\/span><\/th>\n<th style=\"color: #3366ff;\" colspan=\"2\"><span style=\"color: #ffffff;\">DAV 3000<\/span><\/th>\n<th style=\"color: #3366ff;\" colspan=\"2\"><span style=\"color: #ffffff;\">DAV 4000<\/span><\/th>\n<th style=\"color: #3366ff;\" colspan=\"2\"><span style=\"color: #ffffff;\">DAV 5000<\/span><\/th>\n<\/tr>\n<tr>\n<th style=\"color: #3366ff;\"><span style=\"color: #ffffff;\">CODE<\/span><\/th>\n<th style=\"color: #3366ff;\"><span style=\"color: #ffffff;\">P.V.P<\/span><\/th>\n<th style=\"color: #3366ff;\"><span style=\"color: #ffffff;\">CODE<\/span><\/th>\n<th style=\"color: #3366ff;\"><span style=\"color: #ffffff;\">P.V.P<\/span><\/th>\n<th style=\"color: #3366ff;\"><span style=\"color: #ffffff;\">CODE<\/span><\/th>\n<th style=\"color: #3366ff;\"><span style=\"color: #ffffff;\">P.V.P<\/span><\/th>\n<th style=\"color: #3366ff;\"><span style=\"color: #ffffff;\">CODE<\/span><\/th>\n<th style=\"color: #3366ff;\"><span style=\"color: #ffffff;\">P.V.P<\/span><\/th>\n<th style=\"color: #3366ff;\"><span style=\"color: #ffffff;\">CODE<\/span><\/th>\n<th style=\"color: #3366ff;\"><span style=\"color: #ffffff;\">P.V.P<\/span><\/th>\n<th style=\"color: #3366ff;\"><span style=\"color: #ffffff;\">CODE<\/span><\/th>\n<th style=\"color: #3366ff;\"><span style=\"color: #ffffff;\">P.V.P<\/span><\/th>\n<th style=\"color: #3366ff;\"><span style=\"color: #ffffff;\">CODE<\/span><\/th>\n<th style=\"color: #3366ff;\"><span style=\"color: #ffffff;\">P.V.P<\/span><\/th>\n<\/tr>\n<\/thead>\n<tbody>\n<tr>\n<td style=\"color: #3366ff;\">Accumulateur standard<\/td>\n<td>65233<\/td>\n<td>2.952<\/td>\n<td>65237<\/td>\n<td>3.886<\/td>\n<td>65241<\/td>\n<td>4.598<\/td>\n<td>65245<\/td>\n<td>5.318<\/td>\n<td>65249<\/td>\n<td>6.090<\/td>\n<td>65253<\/td>\n<td>7.406<\/td>\n<td>65257<\/td>\n<td>8.479<\/td>\n<\/tr>\n<\/tbody>\n<\/table>\n<table class=\"table table-bordered\">\n<thead>\n<tr>\n<th rowspan=\"2\">cuve horizontal<\/th>\n<th style=\"color: #3366ff;\" colspan=\"2\"><span style=\"color: #ffffff;\">DAH 1000<\/span><\/th>\n<th style=\"color: #3366ff;\" colspan=\"2\"><span style=\"color: #ffffff;\">DAH 1500<\/span><\/th>\n<th style=\"color: #3366ff;\" colspan=\"2\"><span style=\"color: #ffffff;\">DAH 2000<\/span><\/th>\n<th style=\"color: #3366ff;\" colspan=\"2\"><span style=\"color: #ffffff;\">DAH 2500<\/span><\/th>\n<th style=\"color: #3366ff;\" colspan=\"2\"><span style=\"color: #ffffff;\">DAH 3000<\/span><\/th>\n<th style=\"color: #3366ff;\" colspan=\"2\"><span style=\"color: #ffffff;\">DAH 4000<\/span><\/th>\n<th style=\"color: #3366ff;\" colspan=\"2\"><span style=\"color: #ffffff;\">DAH 5000<\/span><\/th>\n<\/tr>\n<tr>\n<th style=\"color: #3366ff;\"><span style=\"color: #ffffff;\">CODE<\/span><\/th>\n<th style=\"color: #3366ff;\"><span style=\"color: #ffffff;\">P.V.P<\/span><\/th>\n<th style=\"color: #3366ff;\"><span style=\"color: #ffffff;\">CODE<\/span><\/th>\n<th style=\"color: #3366ff;\"><span style=\"color: #ffffff;\">P.V.P<\/span><\/th>\n<th style=\"color: #3366ff;\"><span style=\"color: #ffffff;\">CODE<\/span><\/th>\n<th style=\"color: #3366ff;\"><span style=\"color: #ffffff;\">P.V.P<\/span><\/th>\n<th style=\"color: #3366ff;\"><span style=\"color: #ffffff;\">CODE<\/span><\/th>\n<th style=\"color: #3366ff;\"><span style=\"color: #ffffff;\">P.V.P<\/span><\/th>\n<th style=\"color: #3366ff;\"><span style=\"color: #ffffff;\">CODE<\/span><\/th>\n<th style=\"color: #3366ff;\"><span style=\"color: #ffffff;\">P.V.P<\/span><\/th>\n<th style=\"color: #3366ff;\"><span style=\"color: #ffffff;\">CODE<\/span><\/th>\n<th style=\"color: #3366ff;\"><span style=\"color: #ffffff;\">P.V.P<\/span><\/th>\n<th style=\"color: #3366ff;\"><span style=\"color: #ffffff;\">CODE<\/span><\/th>\n<th style=\"color: #3366ff;\"><span style=\"color: #ffffff;\">P.V.P<\/span><\/th>\n<\/tr>\n<\/thead>\n<tbody>\n<tr>\n<td style=\"color: #3366ff;\">Accumulateur standard<\/td>\n<td>65235<\/td>\n<td>2.952<\/td>\n<td>65239<\/td>\n<td>3.886<\/td>\n<td>65243<\/td>\n<td>4.598<\/td>\n<td>65247<\/td>\n<td>5.318<\/td>\n<td>65251<\/td>\n<td>6.090<\/td>\n<td>65255<\/td>\n<td>7.406<\/td>\n<td>65259<\/td>\n<td>8.479<\/td>\n<\/tr>\n<\/tbody>\n<\/table>\n","protected":false},"excerpt":{"rendered":"<p>Accumulation de ACS <\/p>\n","protected":false},"featured_media":699,"template":"","meta":{"site-sidebar-layout":"default","site-content-layout":"default","ast-site-content-layout":"","site-content-style":"default","site-sidebar-style":"default","ast-global-header-display":"","ast-banner-title-visibility":"","ast-main-header-display":"","ast-hfb-above-header-display":"","ast-hfb-below-header-display":"","ast-hfb-mobile-header-display":"","site-post-title":"","ast-breadcrumbs-content":"","ast-featured-img":"","footer-sml-layout":"","theme-transparent-header-meta":"default","adv-header-id-meta":"","stick-header-meta":"","header-above-stick-meta":"","header-main-stick-meta":"","header-below-stick-meta":"","astra-migrate-meta-layouts":""},"product_cat":[81,77],"product_tag":[],"class_list":["post-872","product","type-product","status-publish","has-post-thumbnail","hentry","product_cat-depots-acs","product_cat-gamme-industrial","desktop-align-left","tablet-align-left","mobile-align-left"],"_links":{"self":[{"href":"https:\/\/carbonsdelclos.com\/fr\/wp-json\/wp\/v2\/product\/872","targetHints":{"allow":["GET"]}}],"collection":[{"href":"https:\/\/carbonsdelclos.com\/fr\/wp-json\/wp\/v2\/product"}],"about":[{"href":"https:\/\/carbonsdelclos.com\/fr\/wp-json\/wp\/v2\/types\/product"}],"wp:featuredmedia":[{"embeddable":true,"href":"https:\/\/carbonsdelclos.com\/fr\/wp-json\/wp\/v2\/media\/699"}],"wp:attachment":[{"href":"https:\/\/carbonsdelclos.com\/fr\/wp-json\/wp\/v2\/media?parent=872"}],"wp:term":[{"taxonomy":"product_cat","embeddable":true,"href":"https:\/\/carbonsdelclos.com\/fr\/wp-json\/wp\/v2\/product_cat?post=872"},{"taxonomy":"product_tag","embeddable":true,"href":"https:\/\/carbonsdelclos.com\/fr\/wp-json\/wp\/v2\/product_tag?post=872"}],"curies":[{"name":"wp","href":"https:\/\/api.w.org\/{rel}","templated":true}]}}