{"id":874,"date":"2022-06-28T13:07:25","date_gmt":"2022-06-28T13:07:25","guid":{"rendered":"https:\/\/carbonsdelclos.com\/producto\/accumulators-inox\/"},"modified":"2022-06-28T13:07:25","modified_gmt":"2022-06-28T13:07:25","slug":"accumilators-inox","status":"publish","type":"product","link":"https:\/\/carbonsdelclos.com\/fr\/produit\/accumilators-inox\/","title":{"rendered":"ACCUMULATORS INOX"},"content":{"rendered":"<h3>ACCUMULATION<\/h3>\n<p>&#8211; Fabriqu\u00e9 \u00e0 la directive 97\/23\/CE de la pression art. 3.3 et la pertinence de contact avec les DM de l&rsquo;eau potable 174\/04 ou 1935\/04\/CE.<br \/>\n&#8211; R\u00c9SERVOIR: Fabriqu\u00e9es en acier au carbone et le traitement interne Je CERAMIX constitu\u00e9 d&rsquo;un brillant temp\u00e9ratures admettant -5 \u00b0 C \u00e0 +95 \u00b0 C et un traitement anti-oxydant externe, avec une garantie de 5 ans.<br \/>\n&#8211; ISOLATION: En polyur\u00e9thane souple de 100 mm \u00e9paisseur et finition gaine en PVC.<br \/>\n&#8211; Standard fourni avec le magn\u00e9sium bouchon d&rsquo;anode et thermom\u00e8tre.<br \/>\nOptions:<br \/>\n \u2022 Anode en magn\u00e9sium avec un t\u00e9moin<br \/>\n \u2022 Anode \u00e9lectronique<br \/>\nLes conditions de d\u00e9p\u00f4t fonctionnent:<br \/>\n \u2022 La temp\u00e9rature maximale de 95 \u00b0 C<br \/>\n \u2022 Pression maximale 8 bar<br \/>\n \u2022 Pression d&rsquo;essai: 12 bar<\/p>\n<table class=\"table table-bordered\">\n<thead>\n<tr>\n<th rowspan=\"2\">cuve verticale<\/th>\n<th style=\"color: #3366ff;\" colspan=\"2\"><span style=\"color: #ffffff;\">DAV-X 1000<\/span><\/th>\n<th style=\"color: #3366ff;\" colspan=\"2\"><span style=\"color: #ffffff;\">DAV-X 1500<\/span><\/th>\n<th style=\"color: #3366ff;\" colspan=\"2\"><span style=\"color: #ffffff;\">DAV-X 2000<\/span><\/th>\n<th style=\"color: #3366ff;\" colspan=\"2\"><span style=\"color: #ffffff;\">DAV-X 2500<\/span><\/th>\n<th style=\"color: #3366ff;\" colspan=\"2\"><span style=\"color: #ffffff;\">DAV-X 3000<\/span><\/th>\n<th style=\"color: #3366ff;\" colspan=\"2\"><span style=\"color: #ffffff;\">DAV-X 4000<\/span><\/th>\n<th style=\"color: #3366ff;\" colspan=\"2\"><span style=\"color: #ffffff;\">DAV-X 5000<\/span><\/th>\n<\/tr>\n<tr>\n<th style=\"color: #3366ff;\"><span style=\"color: #ffffff;\">CODE<\/span><\/th>\n<th style=\"color: #3366ff;\"><span style=\"color: #ffffff;\">P.V.P<\/span><\/th>\n<th style=\"color: #3366ff;\"><span style=\"color: #ffffff;\">CODE<\/span><\/th>\n<th style=\"color: #3366ff;\"><span style=\"color: #ffffff;\">P.V.P<\/span><\/th>\n<th style=\"color: #3366ff;\"><span style=\"color: #ffffff;\">CODE<\/span><\/th>\n<th style=\"color: #3366ff;\"><span style=\"color: #ffffff;\">P.V.P<\/span><\/th>\n<th style=\"color: #3366ff;\"><span style=\"color: #ffffff;\">CODE<\/span><\/th>\n<th style=\"color: #3366ff;\"><span style=\"color: #ffffff;\">P.V.P<\/span><\/th>\n<th style=\"color: #3366ff;\"><span style=\"color: #ffffff;\">CODE<\/span><\/th>\n<th style=\"color: #3366ff;\"><span style=\"color: #ffffff;\">P.V.P<\/span><\/th>\n<th style=\"color: #3366ff;\"><span style=\"color: #ffffff;\">CODE<\/span><\/th>\n<th style=\"color: #3366ff;\"><span style=\"color: #ffffff;\">P.V.P<\/span><\/th>\n<th style=\"color: #3366ff;\"><span style=\"color: #ffffff;\">CODE<\/span><\/th>\n<th style=\"color: #3366ff;\"><span style=\"color: #ffffff;\">P.V.P<\/span><\/th>\n<\/tr>\n<\/thead>\n<tbody>\n<tr>\n<td style=\"color: #3366ff;\">Acumulateur standard<\/td>\n<td>65234<\/td>\n<td>4.684<\/td>\n<td>65238<\/td>\n<td>7.744<\/td>\n<td>65242<\/td>\n<td>8.992<\/td>\n<td>65246<\/td>\n<td>10.948<\/td>\n<td>65250<\/td>\n<td>12.365<\/td>\n<td>65254<\/td>\n<td>15.637<\/td>\n<td>65258<\/td>\n<td>19.013<\/td>\n<\/tr>\n<\/tbody>\n<\/table>\n<table class=\"table table-bordered\">\n<thead>\n<tr>\n<th rowspan=\"2\">cuve horizontal<\/th>\n<th style=\"color: #3366ff;\" colspan=\"2\"><span style=\"color: #ffffff;\">DAH-X 1000<\/span><\/th>\n<th style=\"color: #3366ff;\" colspan=\"2\"><span style=\"color: #ffffff;\">DAH-X 1500<\/span><\/th>\n<th style=\"color: #3366ff;\" colspan=\"2\"><span style=\"color: #ffffff;\">DAH-X 2000<\/span><\/th>\n<th style=\"color: #3366ff;\" colspan=\"2\"><span style=\"color: #ffffff;\">DAH-X 2500<\/span><\/th>\n<th style=\"color: #3366ff;\" colspan=\"2\"><span style=\"color: #ffffff;\">DAH-X 3000<\/span><\/th>\n<th style=\"color: #3366ff;\" colspan=\"2\"><span style=\"color: #ffffff;\">DAH-X 4000<\/span><\/th>\n<th style=\"color: #3366ff;\" colspan=\"2\"><span style=\"color: #ffffff;\">DAH-X 5000<\/span><\/th>\n<\/tr>\n<tr>\n<th style=\"color: #3366ff;\"><span style=\"color: #ffffff;\">CODE<\/span><\/th>\n<th style=\"color: #3366ff;\"><span style=\"color: #ffffff;\">P.V.P<\/span><\/th>\n<th style=\"color: #3366ff;\"><span style=\"color: #ffffff;\">CODE<\/span><\/th>\n<th style=\"color: #3366ff;\"><span style=\"color: #ffffff;\">P.V.P<\/span><\/th>\n<th style=\"color: #3366ff;\"><span style=\"color: #ffffff;\">CODE<\/span><\/th>\n<th style=\"color: #3366ff;\"><span style=\"color: #ffffff;\">P.V.P<\/span><\/th>\n<th style=\"color: #3366ff;\"><span style=\"color: #ffffff;\">CODE<\/span><\/th>\n<th style=\"color: #3366ff;\"><span style=\"color: #ffffff;\">P.V.P<\/span><\/th>\n<th style=\"color: #3366ff;\"><span style=\"color: #ffffff;\">CODE<\/span><\/th>\n<th style=\"color: #3366ff;\"><span style=\"color: #ffffff;\">P.V.P<\/span><\/th>\n<th style=\"color: #3366ff;\"><span style=\"color: #ffffff;\">CODE<\/span><\/th>\n<th style=\"color: #3366ff;\"><span style=\"color: #ffffff;\">P.V.P<\/span><\/th>\n<th style=\"color: #3366ff;\"><span style=\"color: #ffffff;\">CODE<\/span><\/th>\n<th style=\"color: #3366ff;\"><span style=\"color: #ffffff;\">P.V.P<\/span><\/th>\n<\/tr>\n<\/thead>\n<tbody>\n<tr>\n<td style=\"color: #3366ff;\">Acumulateur standard<\/td>\n<td>65236<\/td>\n<td>4.684<\/td>\n<td>65240<\/td>\n<td>7.744<\/td>\n<td>65244<\/td>\n<td>8.992<\/td>\n<td>65248<\/td>\n<td>10.948<\/td>\n<td>65252<\/td>\n<td>12.365<\/td>\n<td>65256<\/td>\n<td>15.637<\/td>\n<td>65260<\/td>\n<td>19.013<\/td>\n<\/tr>\n<\/tbody>\n<\/table>\n","protected":false},"excerpt":{"rendered":"<p>Accumulation de ACS <\/p>\n","protected":false},"featured_media":703,"template":"","meta":{"site-sidebar-layout":"default","site-content-layout":"default","ast-site-content-layout":"","site-content-style":"default","site-sidebar-style":"default","ast-global-header-display":"","ast-banner-title-visibility":"","ast-main-header-display":"","ast-hfb-above-header-display":"","ast-hfb-below-header-display":"","ast-hfb-mobile-header-display":"","site-post-title":"","ast-breadcrumbs-content":"","ast-featured-img":"","footer-sml-layout":"","theme-transparent-header-meta":"default","adv-header-id-meta":"","stick-header-meta":"","header-above-stick-meta":"","header-main-stick-meta":"","header-below-stick-meta":"","astra-migrate-meta-layouts":""},"product_cat":[81,77],"product_tag":[],"class_list":["post-874","product","type-product","status-publish","has-post-thumbnail","hentry","product_cat-depots-acs","product_cat-gamme-industrial","desktop-align-left","tablet-align-left","mobile-align-left"],"_links":{"self":[{"href":"https:\/\/carbonsdelclos.com\/fr\/wp-json\/wp\/v2\/product\/874","targetHints":{"allow":["GET"]}}],"collection":[{"href":"https:\/\/carbonsdelclos.com\/fr\/wp-json\/wp\/v2\/product"}],"about":[{"href":"https:\/\/carbonsdelclos.com\/fr\/wp-json\/wp\/v2\/types\/product"}],"wp:featuredmedia":[{"embeddable":true,"href":"https:\/\/carbonsdelclos.com\/fr\/wp-json\/wp\/v2\/media\/703"}],"wp:attachment":[{"href":"https:\/\/carbonsdelclos.com\/fr\/wp-json\/wp\/v2\/media?parent=874"}],"wp:term":[{"taxonomy":"product_cat","embeddable":true,"href":"https:\/\/carbonsdelclos.com\/fr\/wp-json\/wp\/v2\/product_cat?post=874"},{"taxonomy":"product_tag","embeddable":true,"href":"https:\/\/carbonsdelclos.com\/fr\/wp-json\/wp\/v2\/product_tag?post=874"}],"curies":[{"name":"wp","href":"https:\/\/api.w.org\/{rel}","templated":true}]}}