{"id":876,"date":"2022-06-28T13:09:18","date_gmt":"2022-06-28T13:09:18","guid":{"rendered":"https:\/\/carbonsdelclos.com\/producto\/interaccumulators\/"},"modified":"2022-06-28T13:09:18","modified_gmt":"2022-06-28T13:09:18","slug":"interaccumulators","status":"publish","type":"product","link":"https:\/\/carbonsdelclos.com\/fr\/produit\/interaccumulators\/","title":{"rendered":"INTERACCUMULATORS"},"content":{"rendered":"<h3>ACCUMULATION ET ECS<\/h3>\n<p>&#8211; Fait \u00e0 PED 97\/23\/CE art de directive pression. 3,3 et aptitude au contact avec l&rsquo;eau potable D. M. 174\/04 ou 1935\/04\/CE.<br \/>\n&#8211; R\u00c9SERVOIR: Fabriqu\u00e9es en acier au carbone et le traitement interne conforme un CERAMIX temp\u00e9ratures de l&rsquo;admission sur papier glac\u00e9 de -5 \u00ba C \u00e0 +95 \u00ba C et un traitement externe antioxydant avec une garantie de 5 ans.<br \/>\n&#8211; ISOLATION: En polyur\u00e9thane souple de 100 mm d&rsquo;\u00e9paisseur et veste de PVC fini.<br \/>\n&#8211; \u00c9changeur: amovible et construit en acier inoxydable 316 L Standard fourni avec le magn\u00e9sium bouchon d&rsquo;anode et d&rsquo;un thermom\u00e8tre. Options:<br \/>\n \u2022 Anode en magn\u00e9sium avec un t\u00e9moin<br \/>\n \u2022 Anode \u00e9lectronique<br \/>\nLes conditions de d\u00e9p\u00f4t fonctionnent:<br \/>\n \u2022 La temp\u00e9rature maximale de 95 \u00b0 C<br \/>\n \u2022 Pression maximale 8 bar<br \/>\n \u2022 Pression d&rsquo;essai: 12 bar<br \/>\n\u00c9changeur \u00e9tat de marche:<br \/>\n \u2022 La temp\u00e9rature maximale de 99 \u00ba C<br \/>\n \u2022 Pression maximale 12 bar<\/p>\n<table class=\"table table-bordered\">\n<thead>\n<tr>\n<th rowspan=\"2\">cuve verticale<\/th>\n<th style=\"color: #3366ff;\" colspan=\"2\"><span style=\"color: #ffffff;\">DIAV 1000<\/span><\/th>\n<th style=\"color: #3366ff;\" colspan=\"2\"><span style=\"color: #ffffff;\">DIAV 1500<\/span><\/th>\n<th style=\"color: #3366ff;\" colspan=\"2\"><span style=\"color: #ffffff;\">DIAV 2000<\/span><\/th>\n<th style=\"color: #3366ff;\" colspan=\"2\"><span style=\"color: #ffffff;\">DIAV 2500<\/span><\/th>\n<th style=\"color: #3366ff;\" colspan=\"2\"><span style=\"color: #ffffff;\">DIAV 3000<\/span><\/th>\n<th style=\"color: #3366ff;\" colspan=\"2\"><span style=\"color: #ffffff;\">DIAV 4000<\/span><\/th>\n<th style=\"color: #3366ff;\" colspan=\"2\"><span style=\"color: #ffffff;\">DIAV 5000<\/span><\/th>\n<\/tr>\n<tr>\n<th style=\"color: #3366ff;\"><span style=\"color: #ffffff;\">CODE<\/span><\/th>\n<th style=\"color: #3366ff;\"><span style=\"color: #ffffff;\">P.V.P<\/span><\/th>\n<th style=\"color: #3366ff;\"><span style=\"color: #ffffff;\">CODE<\/span><\/th>\n<th style=\"color: #3366ff;\"><span style=\"color: #ffffff;\">P.V.P<\/span><\/th>\n<th style=\"color: #3366ff;\"><span style=\"color: #ffffff;\">CODE<\/span><\/th>\n<th style=\"color: #3366ff;\"><span style=\"color: #ffffff;\">P.V.P<\/span><\/th>\n<th style=\"color: #3366ff;\"><span style=\"color: #ffffff;\">CODE<\/span><\/th>\n<th style=\"color: #3366ff;\"><span style=\"color: #ffffff;\">P.V.P<\/span><\/th>\n<th style=\"color: #3366ff;\"><span style=\"color: #ffffff;\">CODE<\/span><\/th>\n<th style=\"color: #3366ff;\"><span style=\"color: #ffffff;\">P.V.P<\/span><\/th>\n<th style=\"color: #3366ff;\"><span style=\"color: #ffffff;\">CODE<\/span><\/th>\n<th style=\"color: #3366ff;\"><span style=\"color: #ffffff;\">P.V.P<\/span><\/th>\n<th style=\"color: #3366ff;\"><span style=\"color: #ffffff;\">CODE<\/span><\/th>\n<th style=\"color: #3366ff;\"><span style=\"color: #ffffff;\">P.V.P<\/span><\/th>\n<\/tr>\n<\/thead>\n<tbody>\n<tr>\n<td style=\"color: #3366ff;\">Serpentin standard<\/td>\n<td>65205<\/td>\n<td>3.719<\/td>\n<td>65209<\/td>\n<td>4.654<\/td>\n<td>65213<\/td>\n<td>5.828<\/td>\n<td>65217<\/td>\n<td>6.547<\/td>\n<td>65221<\/td>\n<td>7.620<\/td>\n<td>65225<\/td>\n<td>8.936<\/td>\n<td>65229<\/td>\n<td>10.911<\/td>\n<\/tr>\n<tr>\n<td style=\"color: #3366ff;\">Seprentin solaire<\/td>\n<td>65275<\/td>\n<td>4.181<\/td>\n<td>65279<\/td>\n<td>5.116<\/td>\n<td>65283<\/td>\n<td>6.128<\/td>\n<td>65287<\/td>\n<td>6.848<\/td>\n<td>65291<\/td>\n<td>8.522<\/td>\n<td>65295<\/td>\n<td>9.837<\/td>\n<td>65299<\/td>\n<td>13.097<\/td>\n<\/tr>\n<\/tbody>\n<\/table>\n<table class=\"table table-bordered\">\n<thead>\n<tr>\n<th rowspan=\"2\">cuve horizontal<\/th>\n<th style=\"color: #3366ff;\" colspan=\"2\"><span style=\"color: #ffffff;\">DIAH 1000<\/span><\/th>\n<th style=\"color: #3366ff;\" colspan=\"2\"><span style=\"color: #ffffff;\">DIAH 1500<\/span><\/th>\n<th style=\"color: #3366ff;\" colspan=\"2\"><span style=\"color: #ffffff;\">DIAH 2000<\/span><\/th>\n<th style=\"color: #3366ff;\" colspan=\"2\"><span style=\"color: #ffffff;\">DIAH 2500<\/span><\/th>\n<th style=\"color: #3366ff;\" colspan=\"2\"><span style=\"color: #ffffff;\">DIAH 3000<\/span><\/th>\n<th style=\"color: #3366ff;\" colspan=\"2\"><span style=\"color: #ffffff;\">DIAH 4000<\/span><\/th>\n<th style=\"color: #3366ff;\" colspan=\"2\"><span style=\"color: #ffffff;\">DIAH 5000<\/span><\/th>\n<\/tr>\n<tr>\n<th style=\"color: #3366ff;\"><span style=\"color: #ffffff;\">CODE<\/span><\/th>\n<th style=\"color: #3366ff;\"><span style=\"color: #ffffff;\">P.V.P<\/span><\/th>\n<th style=\"color: #3366ff;\"><span style=\"color: #ffffff;\">CODE<\/span><\/th>\n<th style=\"color: #3366ff;\"><span style=\"color: #ffffff;\">P.V.P<\/span><\/th>\n<th style=\"color: #3366ff;\"><span style=\"color: #ffffff;\">CODE<\/span><\/th>\n<th style=\"color: #3366ff;\"><span style=\"color: #ffffff;\">P.V.P<\/span><\/th>\n<th style=\"color: #3366ff;\"><span style=\"color: #ffffff;\">CODE<\/span><\/th>\n<th style=\"color: #3366ff;\"><span style=\"color: #ffffff;\">P.V.P<\/span><\/th>\n<th style=\"color: #3366ff;\"><span style=\"color: #ffffff;\">CODE<\/span><\/th>\n<th style=\"color: #3366ff;\"><span style=\"color: #ffffff;\">P.V.P<\/span><\/th>\n<th style=\"color: #3366ff;\"><span style=\"color: #ffffff;\">CODE<\/span><\/th>\n<th style=\"color: #3366ff;\"><span style=\"color: #ffffff;\">P.V.P<\/span><\/th>\n<th style=\"color: #3366ff;\"><span style=\"color: #ffffff;\">CODE<\/span><\/th>\n<th style=\"color: #3366ff;\"><span style=\"color: #ffffff;\">P.V.P<\/span><\/th>\n<\/tr>\n<\/thead>\n<tbody>\n<tr>\n<td style=\"color: #3366ff;\">Serpentin standard<\/td>\n<td>65207<\/td>\n<td>3.719<\/td>\n<td>65211<\/td>\n<td>4.654<\/td>\n<td>65215<\/td>\n<td>5.828<\/td>\n<td>65219<\/td>\n<td>6.547<\/td>\n<td>65223<\/td>\n<td>7.620<\/td>\n<td>65227<\/td>\n<td>8.936<\/td>\n<td>65231<\/td>\n<td>10.911<\/td>\n<\/tr>\n<tr>\n<td style=\"color: #3366ff;\">Seprentin solaire<\/td>\n<td>65277<\/td>\n<td>4.181<\/td>\n<td>65281<\/td>\n<td>5.116<\/td>\n<td>65285<\/td>\n<td>6.128<\/td>\n<td>65289<\/td>\n<td>6.848<\/td>\n<td>65293<\/td>\n<td>8.522<\/td>\n<td>65297<\/td>\n<td>9.837<\/td>\n<td>65301<\/td>\n<td>13.097<\/td>\n<\/tr>\n<\/tbody>\n<\/table>\n","protected":false},"excerpt":{"rendered":"<p> Interaccumulators standard solaire et production (Sous C.T.E.) <\/p>\n","protected":false},"featured_media":707,"template":"","meta":{"site-sidebar-layout":"default","site-content-layout":"default","ast-site-content-layout":"","site-content-style":"default","site-sidebar-style":"default","ast-global-header-display":"","ast-banner-title-visibility":"","ast-main-header-display":"","ast-hfb-above-header-display":"","ast-hfb-below-header-display":"","ast-hfb-mobile-header-display":"","site-post-title":"","ast-breadcrumbs-content":"","ast-featured-img":"","footer-sml-layout":"","theme-transparent-header-meta":"default","adv-header-id-meta":"","stick-header-meta":"","header-above-stick-meta":"","header-main-stick-meta":"","header-below-stick-meta":"","astra-migrate-meta-layouts":""},"product_cat":[81,77],"product_tag":[],"class_list":["post-876","product","type-product","status-publish","has-post-thumbnail","hentry","product_cat-depots-acs","product_cat-gamme-industrial","desktop-align-left","tablet-align-left","mobile-align-left"],"_links":{"self":[{"href":"https:\/\/carbonsdelclos.com\/fr\/wp-json\/wp\/v2\/product\/876","targetHints":{"allow":["GET"]}}],"collection":[{"href":"https:\/\/carbonsdelclos.com\/fr\/wp-json\/wp\/v2\/product"}],"about":[{"href":"https:\/\/carbonsdelclos.com\/fr\/wp-json\/wp\/v2\/types\/product"}],"wp:featuredmedia":[{"embeddable":true,"href":"https:\/\/carbonsdelclos.com\/fr\/wp-json\/wp\/v2\/media\/707"}],"wp:attachment":[{"href":"https:\/\/carbonsdelclos.com\/fr\/wp-json\/wp\/v2\/media?parent=876"}],"wp:term":[{"taxonomy":"product_cat","embeddable":true,"href":"https:\/\/carbonsdelclos.com\/fr\/wp-json\/wp\/v2\/product_cat?post=876"},{"taxonomy":"product_tag","embeddable":true,"href":"https:\/\/carbonsdelclos.com\/fr\/wp-json\/wp\/v2\/product_tag?post=876"}],"curies":[{"name":"wp","href":"https:\/\/api.w.org\/{rel}","templated":true}]}}