{"id":878,"date":"2022-06-28T13:11:37","date_gmt":"2022-06-28T13:11:37","guid":{"rendered":"https:\/\/carbonsdelclos.com\/producto\/interaccumulators-inox\/"},"modified":"2022-06-28T13:11:37","modified_gmt":"2022-06-28T13:11:37","slug":"interaccumulators-inox","status":"publish","type":"product","link":"https:\/\/carbonsdelclos.com\/fr\/produit\/interaccumulators-inox\/","title":{"rendered":"INTERACCUMULATORS Inox"},"content":{"rendered":"<h3>ACCUMULATION ET ECS<\/h3>\n<p>&#8211; Fait \u00e0 PED 97\/23\/CE art de directive pression. 3,3 et aptitude au contact avec l&rsquo;eau potable D. M. 174\/04 ou 1935\/04\/CE.<br \/>\n&#8211; R\u00c9SERVOIR: Fabriqu\u00e9es en acier au carbone et le traitement interne conforme un CERAMIX temp\u00e9ratures de l&rsquo;admission sur papier glac\u00e9 de -5 \u00ba C \u00e0 +95 \u00ba C et un traitement externe antioxydant avec une garantie de 5 ans.<br \/>\n&#8211; ISOLATION: En polyur\u00e9thane souple de 100 mm d&rsquo;\u00e9paisseur et veste de PVC fini.<br \/>\n&#8211; \u00c9changeur: amovible et construit en acier inoxydable 316 L Standard fourni avec le magn\u00e9sium bouchon d&rsquo;anode et d&rsquo;un thermom\u00e8tre. Options:<br \/>\n \u2022 Anode en magn\u00e9sium avec un t\u00e9moin<br \/>\n \u2022 Anode \u00e9lectronique<br \/>\nLes conditions de d\u00e9p\u00f4t fonctionnent:<br \/>\n \u2022 La temp\u00e9rature maximale de 95 \u00b0 C<br \/>\n \u2022 Pression maximale 8 bar<br \/>\n \u2022 Pression d&rsquo;essai: 12 bar<br \/>\n\u00c9changeur \u00e9tat de marche:<br \/>\n \u2022 La temp\u00e9rature maximale de 99 \u00ba C<br \/>\n \u2022 Pression maximale 12 bar<\/p>\n<table class=\"table table-bordered\">\n<thead>\n<tr>\n<th rowspan=\"2\">cuve verticale<\/th>\n<th style=\"color: #3366ff;\" colspan=\"2\"><span style=\"color: #ffffff;\">DIAV-X 1000<\/span><\/th>\n<th style=\"color: #3366ff;\" colspan=\"2\"><span style=\"color: #ffffff;\">DIAV-X 1500<\/span><\/th>\n<th style=\"color: #3366ff;\" colspan=\"2\"><span style=\"color: #ffffff;\">DIAV-X 2000<\/span><\/th>\n<th style=\"color: #3366ff;\" colspan=\"2\"><span style=\"color: #ffffff;\">DIAV-X 2500<\/span><\/th>\n<th style=\"color: #3366ff;\" colspan=\"2\"><span style=\"color: #ffffff;\">DIAV-X 3000<\/span><\/th>\n<th style=\"color: #3366ff;\" colspan=\"2\"><span style=\"color: #ffffff;\">DIAV-X 4000<\/span><\/th>\n<th style=\"color: #3366ff;\" colspan=\"2\"><span style=\"color: #ffffff;\">DIAV-X 5000<\/span><\/th>\n<\/tr>\n<tr>\n<th style=\"color: #3366ff;\"><span style=\"color: #ffffff;\">CODE<\/span><\/th>\n<th style=\"color: #3366ff;\"><span style=\"color: #ffffff;\">P.V.P<\/span><\/th>\n<th style=\"color: #3366ff;\"><span style=\"color: #ffffff;\">CODE<\/span><\/th>\n<th style=\"color: #3366ff;\"><span style=\"color: #ffffff;\">P.V.P<\/span><\/th>\n<th style=\"color: #3366ff;\"><span style=\"color: #ffffff;\">CODE<\/span><\/th>\n<th style=\"color: #3366ff;\"><span style=\"color: #ffffff;\">P.V.P<\/span><\/th>\n<th style=\"color: #3366ff;\"><span style=\"color: #ffffff;\">CODE<\/span><\/th>\n<th style=\"color: #3366ff;\"><span style=\"color: #ffffff;\">P.V.P<\/span><\/th>\n<th style=\"color: #3366ff;\"><span style=\"color: #ffffff;\">CODE<\/span><\/th>\n<th style=\"color: #3366ff;\"><span style=\"color: #ffffff;\">P.V.P<\/span><\/th>\n<th style=\"color: #3366ff;\"><span style=\"color: #ffffff;\">CODE<\/span><\/th>\n<th style=\"color: #3366ff;\"><span style=\"color: #ffffff;\">P.V.P<\/span><\/th>\n<th style=\"color: #3366ff;\"><span style=\"color: #ffffff;\">CODE<\/span><\/th>\n<th style=\"color: #3366ff;\"><span style=\"color: #ffffff;\">P.V.P<\/span><\/th>\n<\/tr>\n<\/thead>\n<tbody>\n<tr>\n<td style=\"color: #3366ff;\">Serpentin standard<\/td>\n<td>65206<\/td>\n<td>5.398<\/td>\n<td>65210<\/td>\n<td>8.512<\/td>\n<td>65214<\/td>\n<td>10.221<\/td>\n<td>65218<\/td>\n<td>12.178<\/td>\n<td>65222<\/td>\n<td>13.895<\/td>\n<td>65226<\/td>\n<td>17.167<\/td>\n<td>65230<\/td>\n<td>21.445<\/td>\n<\/tr>\n<tr>\n<td style=\"color: #3366ff;\">Seprenti solaire<\/td>\n<td>65276<\/td>\n<td>5.914<\/td>\n<td>65280<\/td>\n<td>8.974<\/td>\n<td>65284<\/td>\n<td>10.522<\/td>\n<td>65288<\/td>\n<td>12.479<\/td>\n<td>65292<\/td>\n<td>14.797<\/td>\n<td>65296<\/td>\n<td>18.069<\/td>\n<td>65300<\/td>\n<td>23.631<\/td>\n<\/tr>\n<\/tbody>\n<\/table>\n<table class=\"table table-bordered\">\n<thead>\n<tr>\n<th rowspan=\"2\">cuve horizontal<\/th>\n<th style=\"color: #3366ff;\" colspan=\"2\"><span style=\"color: #ffffff;\">DIAH-X 1000<\/span><\/th>\n<th style=\"color: #3366ff;\" colspan=\"2\"><span style=\"color: #ffffff;\">DIAH-X 1500<\/span><\/th>\n<th style=\"color: #3366ff;\" colspan=\"2\"><span style=\"color: #ffffff;\">DIAH-X 2000<\/span><\/th>\n<th style=\"color: #3366ff;\" colspan=\"2\"><span style=\"color: #ffffff;\">DIAH-X 2500<\/span><\/th>\n<th style=\"color: #3366ff;\" colspan=\"2\"><span style=\"color: #ffffff;\">DIAH-X 3000<\/span><\/th>\n<th style=\"color: #3366ff;\" colspan=\"2\"><span style=\"color: #ffffff;\">DIAH-X 4000<\/span><\/th>\n<th style=\"color: #3366ff;\" colspan=\"2\"><span style=\"color: #ffffff;\">DIAH-X 5000<\/span><\/th>\n<\/tr>\n<tr>\n<th style=\"color: #3366ff;\"><span style=\"color: #ffffff;\">CODE<\/span><\/th>\n<th style=\"color: #3366ff;\"><span style=\"color: #ffffff;\">P.V.P<\/span><\/th>\n<th style=\"color: #3366ff;\"><span style=\"color: #ffffff;\">CODE<\/span><\/th>\n<th style=\"color: #3366ff;\"><span style=\"color: #ffffff;\">P.V.P<\/span><\/th>\n<th style=\"color: #3366ff;\"><span style=\"color: #ffffff;\">CODE<\/span><\/th>\n<th style=\"color: #3366ff;\"><span style=\"color: #ffffff;\">P.V.P<\/span><\/th>\n<th style=\"color: #3366ff;\"><span style=\"color: #ffffff;\">CODE<\/span><\/th>\n<th style=\"color: #3366ff;\"><span style=\"color: #ffffff;\">P.V.P<\/span><\/th>\n<th style=\"color: #3366ff;\"><span style=\"color: #ffffff;\">CODE<\/span><\/th>\n<th style=\"color: #3366ff;\"><span style=\"color: #ffffff;\">P.V.P<\/span><\/th>\n<th style=\"color: #3366ff;\"><span style=\"color: #ffffff;\">CODE<\/span><\/th>\n<th style=\"color: #3366ff;\"><span style=\"color: #ffffff;\">P.V.P<\/span><\/th>\n<th style=\"color: #3366ff;\"><span style=\"color: #ffffff;\">CODE<\/span><\/th>\n<th style=\"color: #3366ff;\"><span style=\"color: #ffffff;\">P.V.P<\/span><\/th>\n<\/tr>\n<\/thead>\n<tbody>\n<tr>\n<td style=\"color: #3366ff;\">Serpentin standard<\/td>\n<td>65208<\/td>\n<td>5.398<\/td>\n<td>65212<\/td>\n<td>8.512<\/td>\n<td>65216<\/td>\n<td>10.221<\/td>\n<td>65220<\/td>\n<td>12.178<\/td>\n<td>65224<\/td>\n<td>13.895<\/td>\n<td>65228<\/td>\n<td>17.167<\/td>\n<td>65232<\/td>\n<td>21.445<\/td>\n<\/tr>\n<tr>\n<td style=\"color: #3366ff;\">Seprenti solaire<\/td>\n<td>65278<\/td>\n<td>5.914<\/td>\n<td>65282<\/td>\n<td>8.974<\/td>\n<td>65286<\/td>\n<td>10.522<\/td>\n<td>65290<\/td>\n<td>12.479<\/td>\n<td>65294<\/td>\n<td>14.797<\/td>\n<td>65298<\/td>\n<td>18.069<\/td>\n<td>65302<\/td>\n<td>23.631<\/td>\n<\/tr>\n<\/tbody>\n<\/table>\n","protected":false},"excerpt":{"rendered":"<p> Interaccumulators standard solaire et production (Sous C.T.E.) <\/p>\n","protected":false},"featured_media":715,"template":"","meta":{"site-sidebar-layout":"default","site-content-layout":"default","ast-site-content-layout":"","site-content-style":"default","site-sidebar-style":"default","ast-global-header-display":"","ast-banner-title-visibility":"","ast-main-header-display":"","ast-hfb-above-header-display":"","ast-hfb-below-header-display":"","ast-hfb-mobile-header-display":"","site-post-title":"","ast-breadcrumbs-content":"","ast-featured-img":"","footer-sml-layout":"","theme-transparent-header-meta":"default","adv-header-id-meta":"","stick-header-meta":"","header-above-stick-meta":"","header-main-stick-meta":"","header-below-stick-meta":"","astra-migrate-meta-layouts":""},"product_cat":[81,77],"product_tag":[],"class_list":["post-878","product","type-product","status-publish","has-post-thumbnail","hentry","product_cat-depots-acs","product_cat-gamme-industrial","desktop-align-left","tablet-align-left","mobile-align-left"],"_links":{"self":[{"href":"https:\/\/carbonsdelclos.com\/fr\/wp-json\/wp\/v2\/product\/878","targetHints":{"allow":["GET"]}}],"collection":[{"href":"https:\/\/carbonsdelclos.com\/fr\/wp-json\/wp\/v2\/product"}],"about":[{"href":"https:\/\/carbonsdelclos.com\/fr\/wp-json\/wp\/v2\/types\/product"}],"wp:featuredmedia":[{"embeddable":true,"href":"https:\/\/carbonsdelclos.com\/fr\/wp-json\/wp\/v2\/media\/715"}],"wp:attachment":[{"href":"https:\/\/carbonsdelclos.com\/fr\/wp-json\/wp\/v2\/media?parent=878"}],"wp:term":[{"taxonomy":"product_cat","embeddable":true,"href":"https:\/\/carbonsdelclos.com\/fr\/wp-json\/wp\/v2\/product_cat?post=878"},{"taxonomy":"product_tag","embeddable":true,"href":"https:\/\/carbonsdelclos.com\/fr\/wp-json\/wp\/v2\/product_tag?post=878"}],"curies":[{"name":"wp","href":"https:\/\/api.w.org\/{rel}","templated":true}]}}